{"id":2934,"date":"2025-05-26T11:17:01","date_gmt":"2025-05-26T09:17:01","guid":{"rendered":"https:\/\/greenvoke.com\/politik-der-zugaenglichkeit\/"},"modified":"2025-06-05T12:44:25","modified_gmt":"2025-06-05T10:44:25","slug":"politik-der-zugaenglichkeit","status":"publish","type":"page","link":"https:\/\/greenvoke.com\/de\/politik-der-zugaenglichkeit\/","title":{"rendered":"Politik der Zug\u00e4nglichkeit"},"content":{"rendered":"\t\t<div data-elementor-type=\"wp-page\" data-elementor-id=\"2934\" class=\"elementor elementor-2934 elementor-2536\" data-elementor-post-type=\"page\">\n\t\t\t\t\t\t<section class=\"elementor-section elementor-top-section elementor-element elementor-element-7f77d23 elementor-section-boxed elementor-section-height-default elementor-section-height-default\" data-id=\"7f77d23\" data-element_type=\"section\" data-e-type=\"section\" data-settings=\"{&quot;background_background&quot;:&quot;classic&quot;}\">\n\t\t\t\t\t\t<div class=\"elementor-container elementor-column-gap-default\">\n\t\t\t\t\t<div class=\"elementor-column elementor-col-100 elementor-top-column elementor-element elementor-element-bbe065a\" data-id=\"bbe065a\" data-element_type=\"column\" data-e-type=\"column\">\n\t\t\t<div class=\"elementor-widget-wrap elementor-element-populated\">\n\t\t\t\t\t\t<div class=\"elementor-element elementor-element-f1297e6 elementor-widget elementor-widget-text-editor\" data-id=\"f1297e6\" data-element_type=\"widget\" data-e-type=\"widget\" data-widget_type=\"text-editor.default\">\n\t\t\t\t<div class=\"elementor-widget-container\">\n\t\t\t\t\t\t\t\t\t<p data-start=\"79\" data-end=\"106\"><strong data-start=\"79\" data-end=\"106\">Erkl\u00e4rung zur Zug\u00e4nglichkeit<\/strong><\/p>\n<p data-start=\"108\" data-end=\"357\">Das Unternehmen Daniel Kunisch verpflichtet sich, seine Website gem\u00e4\u00df dem K\u00f6niglichen Erlass 1112\/2018 vom 7. September \u00fcber die Zug\u00e4nglichkeit von Websites und mobilen Anwendungen im \u00f6ffentlichen Sektor oder von der Europ\u00e4ischen Union finanzierten Entwicklungen zug\u00e4nglich zu machen.<\/p>\n<p data-start=\"359\" data-end=\"466\">Diese Erkl\u00e4rung zur Barrierefreiheit gilt f\u00fcr die Website www.greenvoke.com , mit Ausnahme eingebetteter Inhalte von anderen Domains.<\/p>\n<p data-start=\"468\" data-end=\"595\"><strong data-start=\"468\" data-end=\"489\">Konformit\u00e4tsstatus<\/strong><br data-start=\"489\" data-end=\"492\">Diese Website <em data-start=\"508\" data-end=\"529\">entspricht teilweise der<\/em> RD 1112\/2018, da die unten aufgef\u00fchrten Aspekte nicht erf\u00fcllt sind.<\/p>\n<p data-start=\"597\" data-end=\"623\"><strong data-start=\"597\" data-end=\"623\">Nicht zug\u00e4ngliche Inhalte<\/strong><\/p>\n<p data-start=\"625\" data-end=\"694\">Die unten aufgef\u00fchrten Inhalte sind aus den folgenden Gr\u00fcnden nicht zug\u00e4nglich:<\/p>\n<p data-start=\"696\" data-end=\"736\"><strong data-start=\"696\" data-end=\"736\">Nichteinhaltung der Vorschriften:<\/strong><\/p>\n<ul data-start=\"737\" data-end=\"1400\">\n<li data-start=\"737\" data-end=\"866\">\n<p data-start=\"739\" data-end=\"866\">Einige Bilder verf\u00fcgen m\u00f6glicherweise nicht \u00fcber eine implementierte oder korrekte Textalternative &#8211; Anforderung 9.1.1.1 Nicht-Text-Inhalt UNE-EN 301549:2022<\/p>\n<\/li>\n<li data-start=\"867\" data-end=\"992\">\n<p data-start=\"869\" data-end=\"992\">In Formularen unterst\u00fctzen einige Felder m\u00f6glicherweise keine Autofill-Mechanismen &#8211; Anforderung 9.1.3.5 Identifizieren Sie den Eingabezweck UNE-EN 301549:2022<\/p>\n<\/li>\n<li data-start=\"993\" data-end=\"1108\">\n<p data-start=\"995\" data-end=\"1108\">Einige Elemente k\u00f6nnen auf bestimmten Seiten einen unzureichenden Kontrast aufweisen &#8211; Anforderung 9.1.4.3 Kontrast UNE-EN 301549:2020<\/p>\n<\/li>\n<li data-start=\"1109\" data-end=\"1240\">\n<p data-start=\"1111\" data-end=\"1240\">In einigen Formularfeldern fehlen m\u00f6glicherweise Beschriftungen oder sind falsch beschriftet &#8211; Anforderung 9.3.3.2 Beschriftungen oder Anweisungen UNE-EN 301549:2022<\/p>\n<\/li>\n<li data-start=\"1241\" data-end=\"1338\">\n<p data-start=\"1243\" data-end=\"1338\">Der Code kann einige Parsing-Fehler enthalten &#8211; Anforderung 9.4.1.1 Parsing UNE-EN 301549:2022<\/p>\n<\/li>\n<li data-start=\"1339\" data-end=\"1400\">\n<p data-start=\"1341\" data-end=\"1400\">Gelegentliche Bearbeitungsfehler k\u00f6nnen auf einigen Webseiten vorhanden sein.<\/p>\n<\/li>\n<\/ul>\n<p data-start=\"1402\" data-end=\"1446\"><strong data-start=\"1402\" data-end=\"1430\">Unverh\u00e4ltnism\u00e4\u00dfige Belastung:<\/strong> Nicht anwendbar.<\/p>\n<p data-start=\"1448\" data-end=\"1508\"><strong data-start=\"1448\" data-end=\"1508\">Inhalte, die nicht in den Anwendungsbereich der geltenden Gesetzgebung fallen:<\/strong><\/p>\n<ul data-start=\"1509\" data-end=\"1836\">\n<li data-start=\"1509\" data-end=\"1656\">\n<p data-start=\"1511\" data-end=\"1656\">Es kann sein, dass Office-Dokumente in PDF- oder anderen Formaten, die vor dem 20. September 2018 ver\u00f6ffentlicht wurden, nicht alle Anforderungen an die Barrierefreiheit erf\u00fcllen.<\/p>\n<\/li>\n<li data-start=\"1657\" data-end=\"1836\">\n<p data-start=\"1659\" data-end=\"1836\">Es kann Inhalte von Dritten geben, die nicht von dieser Abteilung entwickelt wurden und nicht unter ihrer Kontrolle stehen, wie z. B. Office-Dokumente von verschiedenen Organisationen, die auf dieser Website ver\u00f6ffentlicht werden m\u00fcssen.<\/p>\n<\/li>\n<\/ul>\n<p data-start=\"1838\" data-end=\"1874\"><strong data-start=\"1838\" data-end=\"1874\">Feedback und Kontaktinformationen<\/strong><\/p>\n<p data-start=\"1876\" data-end=\"1970\">Sie k\u00f6nnen z.B. die Anforderungen an die Zug\u00e4nglichkeit mitteilen [Artikel 10.2.a) der RD 1112\/2018]:<\/p>\n<ul data-start=\"1971\" data-end=\"2238\">\n<li data-start=\"1971\" data-end=\"2027\">\n<p data-start=\"1973\" data-end=\"2027\">Um einen m\u00f6glichen Versto\u00df gegen die Bestimmungen dieser Website zu melden.<\/p>\n<\/li>\n<li data-start=\"2028\" data-end=\"2082\">\n<p data-start=\"2030\" data-end=\"2082\">Um andere Schwierigkeiten beim Zugriff auf Inhalte zu \u00fcbermitteln.<\/p>\n<\/li>\n<li data-start=\"2083\" data-end=\"2238\">\n<p data-start=\"2085\" data-end=\"2238\">F\u00fcr weitere Fragen oder Vorschl\u00e4ge zur Verbesserung der Zug\u00e4nglichkeit der Website wenden Sie sich bitte an <b>greenvoke@gmail.com<\/b> oder rufen Sie XXXXXXX von Montag bis Freitag zwischen 9:00 und 14:00 Uhr an.<\/p>\n<\/li>\n<\/ul>\n<p data-start=\"2240\" data-end=\"2253\">Sie k\u00f6nnen einreichen:<\/p>\n<ul data-start=\"2254\" data-end=\"2580\">\n<li data-start=\"2254\" data-end=\"2327\">\n<p data-start=\"2256\" data-end=\"2327\">Eine Beschwerde bez\u00fcglich der Einhaltung der Anforderungen des RD 1112\/2018.<\/p>\n<\/li>\n<li data-start=\"2328\" data-end=\"2580\">\n<p data-start=\"2330\" data-end=\"2377\">Ein Antrag auf Zugang zu Informationen \u00fcber:<\/p>\n<ul data-start=\"2380\" data-end=\"2580\">\n<li data-start=\"2380\" data-end=\"2470\">\n<p data-start=\"2382\" data-end=\"2470\">Inhalte, die vom Anwendungsbereich der RD 1112\/2018 ausgeschlossen sind, wie in Artikel 3, Abschnitt 4 festgelegt.<\/p>\n<\/li>\n<li data-start=\"2473\" data-end=\"2580\">\n<p data-start=\"2475\" data-end=\"2580\">Inhalte, die von der Einhaltung der Zug\u00e4nglichkeitsanforderungen ausgenommen sind, weil sie eine unverh\u00e4ltnism\u00e4\u00dfige Belastung darstellen.<\/p>\n<\/li>\n<\/ul>\n<\/li>\n<\/ul>\n<p data-start=\"2582\" data-end=\"2776\">In dem Antrag auf Zugang zu Informationen m\u00fcssen die Fakten, die Gr\u00fcnde und der eindeutige und legitime Antrag so spezifiziert werden, dass der Antrag vern\u00fcnftig und gerechtfertigt bewertet werden kann.<\/p>\t\t\t\t\t\t\t\t<\/div>\n\t\t\t\t<\/div>\n\t\t\t\t\t<\/div>\n\t\t<\/div>\n\t\t\t\t\t<\/div>\n\t\t<\/section>\n\t\t\t\t<\/div>\n\t\t","protected":false},"excerpt":{"rendered":"<p>Erkl\u00e4rung zur Zug\u00e4nglichkeit Das Unternehmen Daniel Kunisch verpflichtet sich, seine Website gem\u00e4\u00df dem K\u00f6niglichen Erlass 1112\/2018 vom 7. September \u00fcber die Zug\u00e4nglichkeit von Websites und mobilen Anwendungen im \u00f6ffentlichen Sektor oder von der Europ\u00e4ischen Union finanzierten Entwicklungen zug\u00e4nglich zu machen. Diese Erkl\u00e4rung zur Barrierefreiheit gilt f\u00fcr die Website www.greenvoke.com , mit Ausnahme eingebetteter Inhalte von [&hellip;]<\/p>\n","protected":false},"author":2,"featured_media":0,"parent":0,"menu_order":0,"comment_status":"closed","ping_status":"closed","template":"","meta":{"_acf_changed":false,"inline_featured_image":false,"footnotes":""},"class_list":["post-2934","page","type-page","status-publish","hentry"],"acf":[],"yoast_head":"<!-- This site is optimized with the Yoast SEO plugin v26.9 - https:\/\/yoast.com\/product\/yoast-seo-wordpress\/ -->\n<title>\u25b7Politik der Zug\u00e4nglichkeit - \u3010 Greenvoke \u3011<\/title>\n<meta name=\"description\" content=\"Erkl\u00e4rung zur Zug\u00e4nglichkeit Das Unternehmen Daniel Kunisch verpflichtet sich, seine Website gem\u00e4\u00df dem K\u00f6niglichen Erlass 1112\/2018 vom 7. September \u00fcber \u2713\" \/>\n<meta name=\"robots\" content=\"index, follow, max-snippet:-1, max-image-preview:large, max-video-preview:-1\" \/>\n<link rel=\"canonical\" href=\"https:\/\/greenvoke.com\/de\/politik-der-zugaenglichkeit\/\" \/>\n<meta property=\"og:locale\" content=\"de_DE\" \/>\n<meta property=\"og:type\" content=\"article\" \/>\n<meta property=\"og:title\" content=\"\u25b7Politik der Zug\u00e4nglichkeit - \u3010 Greenvoke \u3011\" \/>\n<meta property=\"og:description\" content=\"Erkl\u00e4rung zur Zug\u00e4nglichkeit Das Unternehmen Daniel Kunisch verpflichtet sich, seine Website gem\u00e4\u00df dem K\u00f6niglichen Erlass 1112\/2018 vom 7. September \u00fcber \u2713\" \/>\n<meta property=\"og:url\" content=\"https:\/\/greenvoke.com\/de\/politik-der-zugaenglichkeit\/\" \/>\n<meta property=\"og:site_name\" content=\"Greenvoke\" \/>\n<meta property=\"article:modified_time\" content=\"2025-06-05T10:44:25+00:00\" \/>\n<meta name=\"twitter:card\" content=\"summary_large_image\" \/>\n<meta name=\"twitter:label1\" content=\"Gesch\u00e4tzte Lesezeit\" \/>\n\t<meta name=\"twitter:data1\" content=\"2\u00a0Minuten\" \/>\n<script type=\"application\/ld+json\" class=\"yoast-schema-graph\">{\"@context\":\"https:\/\/schema.org\",\"@graph\":[{\"@type\":\"WebPage\",\"@id\":\"https:\/\/greenvoke.com\/de\/politik-der-zugaenglichkeit\/\",\"url\":\"https:\/\/greenvoke.com\/de\/politik-der-zugaenglichkeit\/\",\"name\":\"\u25b7Politik der Zug\u00e4nglichkeit - \u3010 Greenvoke \u3011\",\"isPartOf\":{\"@id\":\"https:\/\/greenvoke.com\/#website\"},\"datePublished\":\"2025-05-26T09:17:01+00:00\",\"dateModified\":\"2025-06-05T10:44:25+00:00\",\"description\":\"Erkl\u00e4rung zur Zug\u00e4nglichkeit Das Unternehmen Daniel Kunisch verpflichtet sich, seine Website gem\u00e4\u00df dem K\u00f6niglichen Erlass 1112\/2018 vom 7. September \u00fcber \u2713\",\"breadcrumb\":{\"@id\":\"https:\/\/greenvoke.com\/de\/politik-der-zugaenglichkeit\/#breadcrumb\"},\"inLanguage\":\"de\",\"potentialAction\":[{\"@type\":\"ReadAction\",\"target\":[\"https:\/\/greenvoke.com\/de\/politik-der-zugaenglichkeit\/\"]}]},{\"@type\":\"BreadcrumbList\",\"@id\":\"https:\/\/greenvoke.com\/de\/politik-der-zugaenglichkeit\/#breadcrumb\",\"itemListElement\":[{\"@type\":\"ListItem\",\"position\":1,\"name\":\"Portada\",\"item\":\"https:\/\/greenvoke.com\/\"},{\"@type\":\"ListItem\",\"position\":2,\"name\":\"Politik der Zug\u00e4nglichkeit\"}]},{\"@type\":\"WebSite\",\"@id\":\"https:\/\/greenvoke.com\/#website\",\"url\":\"https:\/\/greenvoke.com\/\",\"name\":\"Greenvoke\",\"description\":\"Just another WordPress site\",\"potentialAction\":[{\"@type\":\"SearchAction\",\"target\":{\"@type\":\"EntryPoint\",\"urlTemplate\":\"https:\/\/greenvoke.com\/?s={search_term_string}\"},\"query-input\":{\"@type\":\"PropertyValueSpecification\",\"valueRequired\":true,\"valueName\":\"search_term_string\"}}],\"inLanguage\":\"de\"}]}<\/script>\n<!-- \/ Yoast SEO plugin. -->","yoast_head_json":{"title":"\u25b7Politik der Zug\u00e4nglichkeit - \u3010 Greenvoke \u3011","description":"Erkl\u00e4rung zur Zug\u00e4nglichkeit Das Unternehmen Daniel Kunisch verpflichtet sich, seine Website gem\u00e4\u00df dem K\u00f6niglichen Erlass 1112\/2018 vom 7. September \u00fcber \u2713","robots":{"index":"index","follow":"follow","max-snippet":"max-snippet:-1","max-image-preview":"max-image-preview:large","max-video-preview":"max-video-preview:-1"},"canonical":"https:\/\/greenvoke.com\/de\/politik-der-zugaenglichkeit\/","og_locale":"de_DE","og_type":"article","og_title":"\u25b7Politik der Zug\u00e4nglichkeit - \u3010 Greenvoke \u3011","og_description":"Erkl\u00e4rung zur Zug\u00e4nglichkeit Das Unternehmen Daniel Kunisch verpflichtet sich, seine Website gem\u00e4\u00df dem K\u00f6niglichen Erlass 1112\/2018 vom 7. September \u00fcber \u2713","og_url":"https:\/\/greenvoke.com\/de\/politik-der-zugaenglichkeit\/","og_site_name":"Greenvoke","article_modified_time":"2025-06-05T10:44:25+00:00","twitter_card":"summary_large_image","twitter_misc":{"Gesch\u00e4tzte Lesezeit":"2\u00a0Minuten"},"schema":{"@context":"https:\/\/schema.org","@graph":[{"@type":"WebPage","@id":"https:\/\/greenvoke.com\/de\/politik-der-zugaenglichkeit\/","url":"https:\/\/greenvoke.com\/de\/politik-der-zugaenglichkeit\/","name":"\u25b7Politik der Zug\u00e4nglichkeit - \u3010 Greenvoke \u3011","isPartOf":{"@id":"https:\/\/greenvoke.com\/#website"},"datePublished":"2025-05-26T09:17:01+00:00","dateModified":"2025-06-05T10:44:25+00:00","description":"Erkl\u00e4rung zur Zug\u00e4nglichkeit Das Unternehmen Daniel Kunisch verpflichtet sich, seine Website gem\u00e4\u00df dem K\u00f6niglichen Erlass 1112\/2018 vom 7. September \u00fcber \u2713","breadcrumb":{"@id":"https:\/\/greenvoke.com\/de\/politik-der-zugaenglichkeit\/#breadcrumb"},"inLanguage":"de","potentialAction":[{"@type":"ReadAction","target":["https:\/\/greenvoke.com\/de\/politik-der-zugaenglichkeit\/"]}]},{"@type":"BreadcrumbList","@id":"https:\/\/greenvoke.com\/de\/politik-der-zugaenglichkeit\/#breadcrumb","itemListElement":[{"@type":"ListItem","position":1,"name":"Portada","item":"https:\/\/greenvoke.com\/"},{"@type":"ListItem","position":2,"name":"Politik der Zug\u00e4nglichkeit"}]},{"@type":"WebSite","@id":"https:\/\/greenvoke.com\/#website","url":"https:\/\/greenvoke.com\/","name":"Greenvoke","description":"Just another WordPress site","potentialAction":[{"@type":"SearchAction","target":{"@type":"EntryPoint","urlTemplate":"https:\/\/greenvoke.com\/?s={search_term_string}"},"query-input":{"@type":"PropertyValueSpecification","valueRequired":true,"valueName":"search_term_string"}}],"inLanguage":"de"}]}},"_links":{"self":[{"href":"https:\/\/greenvoke.com\/de\/wp-json\/wp\/v2\/pages\/2934","targetHints":{"allow":["GET"]}}],"collection":[{"href":"https:\/\/greenvoke.com\/de\/wp-json\/wp\/v2\/pages"}],"about":[{"href":"https:\/\/greenvoke.com\/de\/wp-json\/wp\/v2\/types\/page"}],"author":[{"embeddable":true,"href":"https:\/\/greenvoke.com\/de\/wp-json\/wp\/v2\/users\/2"}],"replies":[{"embeddable":true,"href":"https:\/\/greenvoke.com\/de\/wp-json\/wp\/v2\/comments?post=2934"}],"version-history":[{"count":1,"href":"https:\/\/greenvoke.com\/de\/wp-json\/wp\/v2\/pages\/2934\/revisions"}],"predecessor-version":[{"id":2938,"href":"https:\/\/greenvoke.com\/de\/wp-json\/wp\/v2\/pages\/2934\/revisions\/2938"}],"wp:attachment":[{"href":"https:\/\/greenvoke.com\/de\/wp-json\/wp\/v2\/media?parent=2934"}],"curies":[{"name":"wp","href":"https:\/\/api.w.org\/{rel}","templated":true}]}}