{"id":2943,"date":"2025-05-26T10:25:00","date_gmt":"2025-05-26T08:25:00","guid":{"rendered":"https:\/\/greenvoke.com\/cookie-richtlinie\/"},"modified":"2025-06-05T12:45:42","modified_gmt":"2025-06-05T10:45:42","slug":"cookie-richtlinie","status":"publish","type":"page","link":"https:\/\/greenvoke.com\/de\/cookie-richtlinie\/","title":{"rendered":"Cookie-Richtlinie"},"content":{"rendered":"\t\t<div data-elementor-type=\"wp-page\" data-elementor-id=\"2943\" class=\"elementor elementor-2943 elementor-2544\" data-elementor-post-type=\"page\">\n\t\t\t\t<div class=\"elementor-element elementor-element-38c39e9 e-flex e-con-boxed e-con e-parent\" data-id=\"38c39e9\" data-element_type=\"container\" data-e-type=\"container\" data-settings=\"{&quot;background_background&quot;:&quot;classic&quot;}\">\n\t\t\t\t\t<div class=\"e-con-inner\">\n\t\t\t\t<div class=\"elementor-element elementor-element-aaf4c72 elementor-widget elementor-widget-text-editor\" data-id=\"aaf4c72\" data-element_type=\"widget\" data-e-type=\"widget\" data-widget_type=\"text-editor.default\">\n\t\t\t\t<div class=\"elementor-widget-container\">\n\t\t\t\t\t\t\t\t\t<p data-start=\"109\" data-end=\"145\"><strong data-start=\"109\" data-end=\"145\">COOKIES UND LOKALE SPEICHERRICHTLINIE<\/strong><\/p><p data-start=\"147\" data-end=\"312\">Diese Website verwendet Cookies und \u00e4hnliche Technologien, um den Dienst bereitzustellen und um ihn durch die Erstellung von Nutzungsstatistiken und f\u00fcr andere Zwecke zu verbessern.<\/p><p data-start=\"314\" data-end=\"682\">Das Surfen auf dieser Website bringt zwangsl\u00e4ufig die Verwendung von Cookies und \u00e4hnlichen Technologien mit sich, wenn diese f\u00fcr den Betrieb der Website unerl\u00e4sslich sind. Auch die Verwendung von Cookies und die lokale Speicherung f\u00fcr bestimmte Zwecke bedarf Ihrer vorherigen Zustimmung. Sie k\u00f6nnen Cookies \u00fcber das zur Verf\u00fcgung gestellte Konfigurationssystem akzeptieren oder ablehnen, und Sie k\u00f6nnen Ihren Browser auch so konfigurieren, dass er ihre Verwendung verhindert.  <\/p><p data-start=\"684\" data-end=\"753\">Diese Richtlinie ist Teil unserer Datenschutzrichtlinie und umfasst Folgendes:<\/p><ul data-start=\"755\" data-end=\"1154\"><li data-start=\"755\" data-end=\"774\"><p data-start=\"757\" data-end=\"774\">Was sind Cookies?<\/p><\/li><li data-start=\"775\" data-end=\"803\"><p data-start=\"777\" data-end=\"803\">Wof\u00fcr werden Cookies verwendet?<\/p><\/li><li data-start=\"804\" data-end=\"857\"><p data-start=\"806\" data-end=\"857\">Was verstehen wir unter Technologien, die Cookies \u00e4hneln?<\/p><\/li><li data-start=\"858\" data-end=\"919\"><p data-start=\"860\" data-end=\"919\">Was sind Cookies von Dritten? Wer erh\u00e4lt die Informationen? <\/p><\/li><li data-start=\"920\" data-end=\"987\"><p data-start=\"922\" data-end=\"987\">Welche Funktionen und Merkmale von Drittanbietern verwenden wir auf unserer Website?<\/p><\/li><li data-start=\"988\" data-end=\"1048\"><p data-start=\"990\" data-end=\"1048\">Wie lange bleiben Cookies oder \u00e4hnliche Technologien aktiv?<\/p><\/li><li data-start=\"1049\" data-end=\"1094\"><p data-start=\"1051\" data-end=\"1094\">Verwendung von Browsern mit privatem Browsing-Modus.<\/p><\/li><li data-start=\"1095\" data-end=\"1154\"><p data-start=\"1097\" data-end=\"1154\">Wie kann ich die Verwendung von Cookies verhindern und wie kann ich sie l\u00f6schen?<\/p><\/li><\/ul><p data-start=\"1156\" data-end=\"1177\"><strong data-start=\"1156\" data-end=\"1177\">Was sind Cookies?<\/strong><\/p><p data-start=\"1179\" data-end=\"1498\">Cookies sind kleine tempor\u00e4re Dateien, die auf dem Ger\u00e4t des Nutzers (Computer, Telefon, Tablet usw.) erstellt werden, wenn dieser eine Website besucht. Sie erm\u00f6glichen es, w\u00e4hrend der Navigation Informationen zu speichern oder abzurufen, z. B. um Nutzungspr\u00e4ferenzen zu speichern, Sie bei zuk\u00fcnftigen Besuchen wiederzuerkennen oder Informationen \u00fcber Ihre Surfgewohnheiten zu sammeln. <\/p><p data-start=\"1500\" data-end=\"1833\">Wenn eine Website ein Cookie auf Ihrem Ger\u00e4t anlegt, speichert sie die Adresse\/Dom\u00e4ne der Website, die Dauer des Cookies (die von einigen Minuten bis zu mehreren Jahren reichen kann) und den Inhalt des Cookies. Sie k\u00f6nnen Cookies jederzeit \u00fcber das Konfigurationssystem dieser Website deaktivieren oder Ihren Browser so konfigurieren, dass deren Verwendung verhindert wird. <\/p><p data-start=\"1835\" data-end=\"1865\"><strong data-start=\"1835\" data-end=\"1865\">Wof\u00fcr werden Cookies verwendet?<\/strong><\/p><p data-start=\"1867\" data-end=\"1904\">Die h\u00e4ufigsten Verwendungszwecke sind:<\/p><ul data-start=\"1906\" data-end=\"2672\"><li data-start=\"1906\" data-end=\"2066\"><p data-start=\"1908\" data-end=\"2066\"><strong data-start=\"1908\" data-end=\"1939\">Wesentliche technische Cookies<\/strong>: Um den Navigationsfluss auf der Website zu steuern oder den Benutzer angemeldet zu halten. Ihre Deaktivierung kann dazu f\u00fchren, dass einige Bereiche nicht mehr funktionieren. <\/p><\/li><li data-start=\"2067\" data-end=\"2145\"><p data-start=\"2069\" data-end=\"2145\"><strong data-start=\"2069\" data-end=\"2096\">Personalisierungs-Cookies<\/strong>: Werden ben\u00f6tigt, um sich an bestimmte Benutzerpr\u00e4ferenzen zu erinnern.<\/p><\/li><li data-start=\"2146\" data-end=\"2328\"><p data-start=\"2148\" data-end=\"2328\"><strong data-start=\"2148\" data-end=\"2170\">Analytische Cookies<\/strong>: Sie helfen dabei, Informationen dar\u00fcber zu sammeln, woher die Benutzer kommen und wie sie auf der Website surfen, um statistische Analysen durchzuf\u00fchren und Struktur und Inhalt zu verbessern.<\/p><\/li><li data-start=\"2329\" data-end=\"2442\"><p data-start=\"2331\" data-end=\"2442\"><strong data-start=\"2331\" data-end=\"2354\">Werbe-Cookies<\/strong>: Um die auf der Website angezeigten Anzeigen zu verwalten und deren Inhalt oder H\u00e4ufigkeit zu bestimmen.<\/p><\/li><li data-start=\"2443\" data-end=\"2572\"><p data-start=\"2445\" data-end=\"2572\"><strong data-start=\"2445\" data-end=\"2479\">Cookies f\u00fcr verhaltensbasierte Werbung<\/strong>: Erfassen die Surfgewohnheiten der Benutzer, um ein Interessenprofil zu erstellen und ma\u00dfgeschneiderte Werbung anzuzeigen.<\/p><\/li><li data-start=\"2573\" data-end=\"2672\"><p data-start=\"2575\" data-end=\"2672\"><strong data-start=\"2575\" data-end=\"2601\">Cookies f\u00fcr die gemeinsame Nutzung sozialer Netzwerke<\/strong>: Identifizieren den Benutzer in seinen sozialen Netzwerken, um das Teilen von Inhalten zu erm\u00f6glichen.<\/p><\/li><\/ul><p data-start=\"2674\" data-end=\"2729\"><strong data-start=\"2674\" data-end=\"2729\">Was verstehen wir unter Technologien, die Cookies \u00e4hneln?<\/strong><\/p><p data-start=\"2731\" data-end=\"2833\">Dies bezieht sich auf jeden Mechanismus zum Speichern und Abrufen von Daten auf dem Ger\u00e4t des Benutzers. Zu den h\u00e4ufigsten geh\u00f6ren: <\/p><ul data-start=\"2835\" data-end=\"3225\"><li data-start=\"2835\" data-end=\"2910\"><p data-start=\"2837\" data-end=\"2910\"><strong data-start=\"2837\" data-end=\"2862\">Lokaler Speicher des Browsers<\/strong>: Zum Beispiel <code data-start=\"2872\" data-end=\"2888\">sessionStorage<\/code> und <code data-start=\"2893\" data-end=\"2907\">localStorage<\/code>.<\/p><\/li><li data-start=\"2911\" data-end=\"3020\"><p data-start=\"2913\" data-end=\"3020\"><strong data-start=\"2913\" data-end=\"2951\">Lokaler Speicher von Browser-Plugins<\/strong>: z.B. Flash Local Shared Objects oder Silverlight Isolated Objects.<\/p><\/li><li data-start=\"3021\" data-end=\"3115\"><p data-start=\"3023\" data-end=\"3115\"><strong data-start=\"3023\" data-end=\"3038\">Web-Beacons<\/strong>: Auf Servern gehostete Bilder, die die Verfolgung von Seiten- oder E-Mail-Besuchen erm\u00f6glichen.<\/p><\/li><li data-start=\"3116\" data-end=\"3225\"><p data-start=\"3118\" data-end=\"3225\"><strong data-start=\"3118\" data-end=\"3136\">Fingerprinting<\/strong>: Kombiniert Informationen des Browsers oder Ger\u00e4ts, um Benutzer bei sp\u00e4teren Besuchen zu identifizieren.<\/p><\/li><\/ul><p data-start=\"3227\" data-end=\"3290\"><strong data-start=\"3227\" data-end=\"3290\">Was sind Cookies von Dritten? Wer erh\u00e4lt die Informationen? <\/strong><\/p><p data-start=\"3292\" data-end=\"3318\">Cookies werden klassifiziert als:<\/p><ul data-start=\"3320\" data-end=\"3619\"><li data-start=\"3320\" data-end=\"3385\"><p data-start=\"3322\" data-end=\"3385\"><strong data-start=\"3322\" data-end=\"3345\">Erstanbieter-Cookies<\/strong>: Erstellt und verwaltet von unserer Domain.<\/p><\/li><li data-start=\"3386\" data-end=\"3619\"><p data-start=\"3388\" data-end=\"3619\"><strong data-start=\"3388\" data-end=\"3411\">Cookies von Drittanbietern<\/strong>: Werden von anderen Websites erstellt und verwaltet und bieten Funktionen wie interaktive Karten, Videos, Schaltfl\u00e4chen f\u00fcr soziale Medien oder personalisierte Werbung. Diese Cookies stehen unter der Kontrolle der dritten Partei, die sie zur Verf\u00fcgung stellt. <\/p><\/li><\/ul><p data-start=\"3621\" data-end=\"3690\"><strong data-start=\"3621\" data-end=\"3690\">Welche Funktionen und Merkmale von Drittanbietern verwenden wir auf unserer Website?<\/strong><\/p><p data-start=\"3692\" data-end=\"3752\">Nachfolgend finden Sie eine \u00dcbersichtstabelle der auf unserer Website verwendeten Cookies:<\/p><div class=\"_tableContainer_16hzy_1\"><div class=\"_tableWrapper_16hzy_14 group flex w-fit flex-col-reverse\" tabindex=\"-1\"><table class=\"w-fit min-w-(--thread-content-width)\" data-start=\"3754\" data-end=\"4617\"><thead data-start=\"3754\" data-end=\"3878\"><tr data-start=\"3754\" data-end=\"3878\"><th data-start=\"3754\" data-end=\"3794\" data-col-size=\"sm\">Keks<\/th><th data-start=\"3794\" data-end=\"3807\" data-col-size=\"sm\">Typ<\/th><th data-start=\"3807\" data-end=\"3820\" data-col-size=\"sm\">Dauer<\/th><th data-start=\"3820\" data-end=\"3878\" data-col-size=\"md\">Beschreibung<\/th><\/tr><\/thead><tbody data-start=\"4003\" data-end=\"4617\"><tr data-start=\"4003\" data-end=\"4125\"><td data-start=\"4003\" data-end=\"4042\" data-col-size=\"sm\">__cf_bm<\/td><td data-col-size=\"sm\" data-start=\"4042\" data-end=\"4055\">Sitzung<\/td><td data-col-size=\"sm\" data-start=\"4055\" data-end=\"4068\">1 Stunde<\/td><td data-col-size=\"md\" data-start=\"4068\" data-end=\"4125\">Bot-Management-Unterst\u00fctzung durch Cloudflare.<\/td><\/tr><tr data-start=\"4126\" data-end=\"4248\"><td data-start=\"4126\" data-end=\"4165\" data-col-size=\"sm\">cookielawinfo-checkbox-analytics<\/td><td data-col-size=\"sm\" data-start=\"4165\" data-end=\"4178\">Dauerhaft<\/td><td data-col-size=\"sm\" data-start=\"4178\" data-end=\"4191\">11 Monate<\/td><td data-col-size=\"md\" data-start=\"4191\" data-end=\"4248\">Speichert die Zustimmung f\u00fcr analytische Cookies.<\/td><\/tr><tr data-start=\"4249\" data-end=\"4371\"><td data-start=\"4249\" data-end=\"4288\" data-col-size=\"sm\">cookielawinfo-checkbox-funktional<\/td><td data-col-size=\"sm\" data-start=\"4288\" data-end=\"4301\">Dauerhaft<\/td><td data-col-size=\"sm\" data-start=\"4301\" data-end=\"4314\">11 Monate<\/td><td data-col-size=\"md\" data-start=\"4314\" data-end=\"4371\">Speichert die Zustimmung f\u00fcr funktionale Cookies.<\/td><\/tr><tr data-start=\"4372\" data-end=\"4494\"><td data-start=\"4372\" data-end=\"4411\" data-col-size=\"sm\">cookielawinfo-checkbox-necessary<\/td><td data-col-size=\"sm\" data-start=\"4411\" data-end=\"4424\">Dauerhaft<\/td><td data-col-size=\"sm\" data-start=\"4424\" data-end=\"4437\">11 Monate<\/td><td data-col-size=\"md\" data-start=\"4437\" data-end=\"4494\">Speichert die Zustimmung f\u00fcr notwendige Cookies.<\/td><\/tr><tr data-start=\"4495\" data-end=\"4617\"><td data-start=\"4495\" data-end=\"4534\" data-col-size=\"sm\">viewed_cookie_policy<\/td><td data-col-size=\"sm\" data-start=\"4534\" data-end=\"4547\">Dauerhaft<\/td><td data-col-size=\"sm\" data-start=\"4547\" data-end=\"4560\">11 Monate<\/td><td data-col-size=\"md\" data-start=\"4560\" data-end=\"4617\">Zeigt an, ob der Benutzer der Verwendung von Cookies zugestimmt hat.<\/td><\/tr><\/tbody><\/table><div class=\"sticky end-(--thread-content-margin) h-0 self-end select-none\"><div class=\"absolute end-0 flex items-end\"> <\/div><\/div><\/div><\/div><p data-start=\"4619\" data-end=\"4681\"><strong data-start=\"4619\" data-end=\"4681\">Wie lange bleiben Cookies oder \u00e4hnliche Technologien aktiv?<\/strong><\/p><p data-start=\"4683\" data-end=\"4698\">Cookies k\u00f6nnen sein:<\/p><ul data-start=\"4700\" data-end=\"4836\"><li data-start=\"4700\" data-end=\"4760\"><p data-start=\"4702\" data-end=\"4760\"><strong data-start=\"4702\" data-end=\"4721\">Sitzungs-Cookies<\/strong>: Werden gel\u00f6scht, wenn der Browser geschlossen wird.<\/p><\/li><li data-start=\"4761\" data-end=\"4836\"><p data-start=\"4763\" data-end=\"4836\"><strong data-start=\"4763\" data-end=\"4785\">Dauerhafte Cookies<\/strong>: Bleiben bestehen, bis sie ablaufen oder manuell gel\u00f6scht werden.<\/p><\/li><\/ul><p data-start=\"4838\" data-end=\"4899\"><strong data-start=\"4838\" data-end=\"4899\">Wie kann ich die Verwendung von Cookies verhindern und wie kann ich sie l\u00f6schen?<\/strong><\/p><p data-start=\"4901\" data-end=\"5138\">Sie k\u00f6nnen Ihre Einstellungen jederzeit \u00fcber das in diese Website integrierte Cookie-Konfigurationssystem konfigurieren. Dar\u00fcber hinaus erlauben die meisten Browser, Cookies global oder f\u00fcr bestimmte Domains zu deaktivieren. Sehen Sie in der Hilfe Ihres Browsers nach:  <\/p><ul data-start=\"5140\" data-end=\"5202\"><li data-start=\"5140\" data-end=\"5150\"><p data-start=\"5142\" data-end=\"5150\">Chrom<\/p><\/li><li data-start=\"5151\" data-end=\"5169\"><p data-start=\"5153\" data-end=\"5169\">Microsoft Edge<\/p><\/li><li data-start=\"5170\" data-end=\"5181\"><p data-start=\"5172\" data-end=\"5181\">Firefox<\/p><\/li><li data-start=\"5182\" data-end=\"5192\"><p data-start=\"5184\" data-end=\"5192\">Safari<\/p><\/li><li data-start=\"5193\" data-end=\"5202\"><p data-start=\"5195\" data-end=\"5202\">Oper<\/p><\/li><\/ul><p data-start=\"5204\" data-end=\"5261\">Weitere Informationen finden Sie in unserer Datenschutzrichtlinie.<\/p>\t\t\t\t\t\t\t\t<\/div>\n\t\t\t\t<\/div>\n\t\t\t\t\t<\/div>\n\t\t\t\t<\/div>\n\t\t\t\t<\/div>\n\t\t","protected":false},"excerpt":{"rendered":"<p>COOKIES UND LOKALE SPEICHERRICHTLINIE Diese Website verwendet Cookies und \u00e4hnliche Technologien, um den Dienst bereitzustellen und um ihn durch die Erstellung von Nutzungsstatistiken und f\u00fcr andere Zwecke zu verbessern. Das Surfen auf dieser Website bringt zwangsl\u00e4ufig die Verwendung von Cookies und \u00e4hnlichen Technologien mit sich, wenn diese f\u00fcr den Betrieb der Website unerl\u00e4sslich sind. Auch [&hellip;]<\/p>\n","protected":false},"author":2,"featured_media":0,"parent":0,"menu_order":0,"comment_status":"closed","ping_status":"closed","template":"","meta":{"_acf_changed":false,"inline_featured_image":false,"footnotes":""},"class_list":["post-2943","page","type-page","status-publish","hentry"],"acf":[],"yoast_head":"<!-- This site is optimized with the Yoast SEO plugin v26.9 - https:\/\/yoast.com\/product\/yoast-seo-wordpress\/ -->\n<title>\u25b7Cookie-Richtlinie - \u3010 Greenvoke \u3011<\/title>\n<meta name=\"description\" content=\"COOKIES UND LOKALE SPEICHERRICHTLINIEDiese Website verwendet Cookies und \u00e4hnliche Technologien, um den Dienst bereitzustellen und um ihn durch die \u2713\" \/>\n<meta name=\"robots\" content=\"index, follow, max-snippet:-1, max-image-preview:large, max-video-preview:-1\" \/>\n<link rel=\"canonical\" href=\"https:\/\/greenvoke.com\/de\/cookie-richtlinie\/\" \/>\n<meta property=\"og:locale\" content=\"de_DE\" \/>\n<meta property=\"og:type\" content=\"article\" \/>\n<meta property=\"og:title\" content=\"\u25b7Cookie-Richtlinie - \u3010 Greenvoke \u3011\" \/>\n<meta property=\"og:description\" content=\"COOKIES UND LOKALE SPEICHERRICHTLINIEDiese Website verwendet Cookies und \u00e4hnliche Technologien, um den Dienst bereitzustellen und um ihn durch die \u2713\" \/>\n<meta property=\"og:url\" content=\"https:\/\/greenvoke.com\/de\/cookie-richtlinie\/\" \/>\n<meta property=\"og:site_name\" content=\"Greenvoke\" \/>\n<meta property=\"article:modified_time\" content=\"2025-06-05T10:45:42+00:00\" \/>\n<meta name=\"twitter:card\" content=\"summary_large_image\" \/>\n<meta name=\"twitter:label1\" content=\"Gesch\u00e4tzte Lesezeit\" \/>\n\t<meta name=\"twitter:data1\" content=\"4\u00a0Minuten\" \/>\n<script type=\"application\/ld+json\" class=\"yoast-schema-graph\">{\"@context\":\"https:\/\/schema.org\",\"@graph\":[{\"@type\":\"WebPage\",\"@id\":\"https:\/\/greenvoke.com\/de\/cookie-richtlinie\/\",\"url\":\"https:\/\/greenvoke.com\/de\/cookie-richtlinie\/\",\"name\":\"\u25b7Cookie-Richtlinie - \u3010 Greenvoke \u3011\",\"isPartOf\":{\"@id\":\"https:\/\/greenvoke.com\/#website\"},\"datePublished\":\"2025-05-26T08:25:00+00:00\",\"dateModified\":\"2025-06-05T10:45:42+00:00\",\"description\":\"COOKIES UND LOKALE SPEICHERRICHTLINIEDiese Website verwendet Cookies und \u00e4hnliche Technologien, um den Dienst bereitzustellen und um ihn durch die \u2713\",\"breadcrumb\":{\"@id\":\"https:\/\/greenvoke.com\/de\/cookie-richtlinie\/#breadcrumb\"},\"inLanguage\":\"de\",\"potentialAction\":[{\"@type\":\"ReadAction\",\"target\":[\"https:\/\/greenvoke.com\/de\/cookie-richtlinie\/\"]}]},{\"@type\":\"BreadcrumbList\",\"@id\":\"https:\/\/greenvoke.com\/de\/cookie-richtlinie\/#breadcrumb\",\"itemListElement\":[{\"@type\":\"ListItem\",\"position\":1,\"name\":\"Portada\",\"item\":\"https:\/\/greenvoke.com\/\"},{\"@type\":\"ListItem\",\"position\":2,\"name\":\"Cookie-Richtlinie\"}]},{\"@type\":\"WebSite\",\"@id\":\"https:\/\/greenvoke.com\/#website\",\"url\":\"https:\/\/greenvoke.com\/\",\"name\":\"Greenvoke\",\"description\":\"Just another WordPress site\",\"potentialAction\":[{\"@type\":\"SearchAction\",\"target\":{\"@type\":\"EntryPoint\",\"urlTemplate\":\"https:\/\/greenvoke.com\/?s={search_term_string}\"},\"query-input\":{\"@type\":\"PropertyValueSpecification\",\"valueRequired\":true,\"valueName\":\"search_term_string\"}}],\"inLanguage\":\"de\"}]}<\/script>\n<!-- \/ Yoast SEO plugin. -->","yoast_head_json":{"title":"\u25b7Cookie-Richtlinie - \u3010 Greenvoke \u3011","description":"COOKIES UND LOKALE SPEICHERRICHTLINIEDiese Website verwendet Cookies und \u00e4hnliche Technologien, um den Dienst bereitzustellen und um ihn durch die \u2713","robots":{"index":"index","follow":"follow","max-snippet":"max-snippet:-1","max-image-preview":"max-image-preview:large","max-video-preview":"max-video-preview:-1"},"canonical":"https:\/\/greenvoke.com\/de\/cookie-richtlinie\/","og_locale":"de_DE","og_type":"article","og_title":"\u25b7Cookie-Richtlinie - \u3010 Greenvoke \u3011","og_description":"COOKIES UND LOKALE SPEICHERRICHTLINIEDiese Website verwendet Cookies und \u00e4hnliche Technologien, um den Dienst bereitzustellen und um ihn durch die \u2713","og_url":"https:\/\/greenvoke.com\/de\/cookie-richtlinie\/","og_site_name":"Greenvoke","article_modified_time":"2025-06-05T10:45:42+00:00","twitter_card":"summary_large_image","twitter_misc":{"Gesch\u00e4tzte Lesezeit":"4\u00a0Minuten"},"schema":{"@context":"https:\/\/schema.org","@graph":[{"@type":"WebPage","@id":"https:\/\/greenvoke.com\/de\/cookie-richtlinie\/","url":"https:\/\/greenvoke.com\/de\/cookie-richtlinie\/","name":"\u25b7Cookie-Richtlinie - \u3010 Greenvoke \u3011","isPartOf":{"@id":"https:\/\/greenvoke.com\/#website"},"datePublished":"2025-05-26T08:25:00+00:00","dateModified":"2025-06-05T10:45:42+00:00","description":"COOKIES UND LOKALE SPEICHERRICHTLINIEDiese Website verwendet Cookies und \u00e4hnliche Technologien, um den Dienst bereitzustellen und um ihn durch die \u2713","breadcrumb":{"@id":"https:\/\/greenvoke.com\/de\/cookie-richtlinie\/#breadcrumb"},"inLanguage":"de","potentialAction":[{"@type":"ReadAction","target":["https:\/\/greenvoke.com\/de\/cookie-richtlinie\/"]}]},{"@type":"BreadcrumbList","@id":"https:\/\/greenvoke.com\/de\/cookie-richtlinie\/#breadcrumb","itemListElement":[{"@type":"ListItem","position":1,"name":"Portada","item":"https:\/\/greenvoke.com\/"},{"@type":"ListItem","position":2,"name":"Cookie-Richtlinie"}]},{"@type":"WebSite","@id":"https:\/\/greenvoke.com\/#website","url":"https:\/\/greenvoke.com\/","name":"Greenvoke","description":"Just another WordPress site","potentialAction":[{"@type":"SearchAction","target":{"@type":"EntryPoint","urlTemplate":"https:\/\/greenvoke.com\/?s={search_term_string}"},"query-input":{"@type":"PropertyValueSpecification","valueRequired":true,"valueName":"search_term_string"}}],"inLanguage":"de"}]}},"_links":{"self":[{"href":"https:\/\/greenvoke.com\/de\/wp-json\/wp\/v2\/pages\/2943","targetHints":{"allow":["GET"]}}],"collection":[{"href":"https:\/\/greenvoke.com\/de\/wp-json\/wp\/v2\/pages"}],"about":[{"href":"https:\/\/greenvoke.com\/de\/wp-json\/wp\/v2\/types\/page"}],"author":[{"embeddable":true,"href":"https:\/\/greenvoke.com\/de\/wp-json\/wp\/v2\/users\/2"}],"replies":[{"embeddable":true,"href":"https:\/\/greenvoke.com\/de\/wp-json\/wp\/v2\/comments?post=2943"}],"version-history":[{"count":1,"href":"https:\/\/greenvoke.com\/de\/wp-json\/wp\/v2\/pages\/2943\/revisions"}],"predecessor-version":[{"id":2945,"href":"https:\/\/greenvoke.com\/de\/wp-json\/wp\/v2\/pages\/2943\/revisions\/2945"}],"wp:attachment":[{"href":"https:\/\/greenvoke.com\/de\/wp-json\/wp\/v2\/media?parent=2943"}],"curies":[{"name":"wp","href":"https:\/\/api.w.org\/{rel}","templated":true}]}}