{"id":2946,"date":"2025-05-26T10:18:44","date_gmt":"2025-05-26T08:18:44","guid":{"rendered":"https:\/\/greenvoke.com\/rechtlicher-hinweis\/"},"modified":"2025-06-05T12:46:49","modified_gmt":"2025-06-05T10:46:49","slug":"rechtlicher-hinweis","status":"publish","type":"page","link":"https:\/\/greenvoke.com\/de\/rechtlicher-hinweis\/","title":{"rendered":"Rechtlicher Hinweis"},"content":{"rendered":"\t\t<div data-elementor-type=\"wp-page\" data-elementor-id=\"2946\" class=\"elementor elementor-2946 elementor-2528\" data-elementor-post-type=\"page\">\n\t\t\t\t\t\t<section class=\"elementor-section elementor-top-section elementor-element elementor-element-86b1313 elementor-section-boxed elementor-section-height-default elementor-section-height-default\" data-id=\"86b1313\" data-element_type=\"section\" data-e-type=\"section\" data-settings=\"{&quot;background_background&quot;:&quot;classic&quot;}\">\n\t\t\t\t\t\t<div class=\"elementor-container elementor-column-gap-default\">\n\t\t\t\t\t<div class=\"elementor-column elementor-col-100 elementor-top-column elementor-element elementor-element-31aa7cd\" data-id=\"31aa7cd\" data-element_type=\"column\" data-e-type=\"column\">\n\t\t\t<div class=\"elementor-widget-wrap elementor-element-populated\">\n\t\t\t\t\t\t<div class=\"elementor-element elementor-element-4f8107f elementor-widget elementor-widget-heading\" data-id=\"4f8107f\" data-element_type=\"widget\" data-e-type=\"widget\" data-widget_type=\"heading.default\">\n\t\t\t\t<div class=\"elementor-widget-container\">\n\t\t\t\t\t<h2 class=\"elementor-heading-title elementor-size-default\">AVISO LEGAL<\/h2>\t\t\t\t<\/div>\n\t\t\t\t<\/div>\n\t\t\t\t<div class=\"elementor-element elementor-element-a4df67b elementor-widget elementor-widget-text-editor\" data-id=\"a4df67b\" data-element_type=\"widget\" data-e-type=\"widget\" data-widget_type=\"text-editor.default\">\n\t\t\t\t<div class=\"elementor-widget-container\">\n\t\t\t\t\t\t\t\t\t<p data-start=\"77\" data-end=\"93\"><strong data-start=\"77\" data-end=\"93\">RECHTLICHER HINWEIS<\/strong><\/p><p data-start=\"95\" data-end=\"404\">Mit diesem rechtlichen Hinweis m\u00f6chten wir Sie \u00fcber Ihre Rechte und Pflichten als Nutzer dieser Website informieren. Hier finden Sie alle notwendigen Informationen \u00fcber diese Website, ihren Zweck, die von ihr erfassten personenbezogenen Daten und ihren Verwendungszweck sowie die Nutzungsbedingungen, die den Zugang zu und die Nutzung dieser Website regeln. <\/p><p data-start=\"406\" data-end=\"674\">Wenn Sie auf diese Website <a class=\"\" href=\"http:\/\/www.llocweb.com\" target=\"_new\" rel=\"noopener\" data-start=\"433\" data-end=\"448\">www.greenvoke.com<\/a> zugreifen, \u00fcbernehmen Sie die Rolle des Nutzers, was bedeutet, dass diese rechtlichen Hinweise Sie direkt betreffen. Daher ist es wichtig, dass Sie sie sorgf\u00e4ltig lesen, um etwaige Zweifel auszur\u00e4umen und die Bedingungen, denen Sie zustimmen, vollst\u00e4ndig zu verstehen. <\/p><p data-start=\"676\" data-end=\"905\">Zun\u00e4chst sollten Sie wissen, dass diese Website die geltenden Datenschutzbestimmungen einh\u00e4lt, um Ihnen die Garantien, die Sicherheit und die Transparenz zu bieten, auf die Sie als Nutzer bei der Nutzung dieser Website Anspruch haben.<\/p><p data-start=\"907\" data-end=\"974\">Insbesondere entspricht diese Website den folgenden Bestimmungen:<\/p><ul data-start=\"976\" data-end=\"1571\"><li data-start=\"976\" data-end=\"1188\"><p data-start=\"978\" data-end=\"1188\"><strong data-start=\"978\" data-end=\"986\">GDPR<\/strong> (Verordnung (EU) 2016\/679 des Europ\u00e4ischen Parlaments und des Rates vom 27. April 2016 zum Schutz nat\u00fcrlicher Personen), die die Verarbeitung personenbezogener Daten in den EU-L\u00e4ndern standardisiert.<\/p><\/li><li data-start=\"1189\" data-end=\"1417\"><p data-start=\"1191\" data-end=\"1417\"><strong data-start=\"1191\" data-end=\"1202\">LOPDGDD<\/strong> (spanisches Organgesetz 3\/2018 vom 5. Dezember \u00fcber den Schutz personenbezogener Daten und die Gew\u00e4hrleistung digitaler Rechte), das den Umgang mit personenbezogenen Daten und die Verpflichtungen, die wir als Website-Betreiber erf\u00fcllen m\u00fcssen, regelt.<\/p><\/li><li data-start=\"1418\" data-end=\"1571\"><p data-start=\"1420\" data-end=\"1571\"><strong data-start=\"1420\" data-end=\"1428\">LSSI<\/strong> (spanisches Gesetz 34\/2002 vom 11. Juli \u00fcber die Dienste der Informationsgesellschaft und den elektronischen Handel), das den elektronischen Gesch\u00e4ftsverkehr regelt.<\/p><\/li><\/ul><p data-start=\"1573\" data-end=\"1596\"><strong data-start=\"1573\" data-end=\"1596\">IDENTIFIKATIONSDATEN<\/strong><\/p><p data-start=\"1598\" data-end=\"1645\">Der Eigent\u00fcmer und Administrator dieser Website ist:<\/p><ul data-start=\"1647\" data-end=\"1901\"><li data-start=\"1647\" data-end=\"1672\"><p data-start=\"1649\" data-end=\"1672\"><strong data-start=\"1649\" data-end=\"1658\">Name:<\/strong> Daniel Kunisch<\/p><\/li><li data-start=\"1647\" data-end=\"1672\"><p data-start=\"1649\" data-end=\"1672\"><strong data-start=\"1675\" data-end=\"1692\">Steuer-ID (NIF):<\/strong> Y3027083K<\/p><\/li><li data-start=\"1705\" data-end=\"1747\"><p data-start=\"1707\" data-end=\"1747\"><strong data-start=\"1707\" data-end=\"1729\">Eingetragener Firmensitz:<\/strong><\/p><div>C \/ Villarroel 121, Barcelona (08011), Barcelona, Espa\u00f1a<\/div><\/li><li data-start=\"1748\" data-end=\"1873\"><p data-start=\"1750\" data-end=\"1873\"><strong data-start=\"1750\" data-end=\"1771\">Website-Aktivit\u00e4t:<\/strong> Verbreitung von Inhalten im Zusammenhang mit Greenvoke, Werbung und Affiliate-Produktempfehlungen.<\/p><\/li><li data-start=\"1874\" data-end=\"1901\"><p data-start=\"1876\" data-end=\"1901\"><strong data-start=\"1876\" data-end=\"1886\">E-Mail:<\/strong> <a class=\"cursor-pointer\" rel=\"noopener\" data-start=\"1887\" data-end=\"1901\">greenvoke@gmail.com<\/a><\/p><\/li><\/ul><p data-start=\"1903\" data-end=\"2137\">Alle pers\u00f6nlichen Daten, die Sie mit Ihrem Einverst\u00e4ndnis und in \u00dcbereinstimmung mit unserer Datenschutzrichtlinie zur Verf\u00fcgung stellen, werden in einer automatisierten Datei gespeichert, die von Nom empresa verwaltet wird. Dies gew\u00e4hrleistet, dass Ihre Daten sicher sind und in \u00dcbereinstimmung mit dem Gesetz behandelt werden. <\/p><p data-start=\"2139\" data-end=\"2173\"><strong data-start=\"2139\" data-end=\"2173\">BEDINGUNGEN F\u00dcR DEN ZUGRIFF AUF DIE WEBSITE<\/strong><\/p><p data-start=\"2175\" data-end=\"2241\">Als Nutzer unserer Website haben Sie au\u00dferdem die folgenden Verpflichtungen:<\/p><ul data-start=\"2243\" data-end=\"2813\"><li data-start=\"2243\" data-end=\"2378\"><p data-start=\"2245\" data-end=\"2378\">Sie d\u00fcrfen diese Website nicht f\u00fcr Aktivit\u00e4ten nutzen, die ungesetzlich oder unmoralisch sind, gegen die \u00f6ffentliche Ordnung versto\u00dfen oder einen Versto\u00df gegen diese rechtlichen Hinweise darstellen.<\/p><\/li><li data-start=\"2379\" data-end=\"2479\"><p data-start=\"2381\" data-end=\"2479\">Sie d\u00fcrfen keine falschen Identit\u00e4ten verwenden und keine Werbung oder kommerzielle Ausbeutung betreiben.<\/p><\/li><li data-start=\"2480\" data-end=\"2672\"><p data-start=\"2482\" data-end=\"2672\">Sie sind allein verantwortlich f\u00fcr die Richtigkeit und Wahrhaftigkeit der Informationen, die Sie \u00fcber diese Website \u00fcbermitteln, sowie f\u00fcr die pers\u00f6nlichen Daten, die Sie in \u00dcbereinstimmung mit unserer Datenschutzrichtlinie bereitstellen.<\/p><\/li><li data-start=\"2673\" data-end=\"2813\"><p data-start=\"2675\" data-end=\"2813\">Sie sind auch f\u00fcr rechtswidriges, sch\u00e4dliches oder sch\u00e4digendes Verhalten auf Websites Dritter verantwortlich, auf die wir Sie m\u00f6glicherweise weiterleiten.<\/p><\/li><\/ul><p data-start=\"2815\" data-end=\"2962\">Nom empresa beh\u00e4lt sich das Recht vor, den Zugang zur Website zu sperren und die Beziehung mit dem Benutzer zu beenden, wenn ein Missbrauch der Website festgestellt wird.<\/p><p data-start=\"2964\" data-end=\"3004\"><strong data-start=\"2964\" data-end=\"3004\">GEISTIGES UND GEWERBLICHES EIGENTUM<\/strong><\/p><p data-start=\"3006\" data-end=\"3276\">Der gesamte Inhalt dieser Website (Texte, Bilder, Marken, Grafiken, Logos, Schaltfl\u00e4chen, Softwaredateien, Farbkombinationen sowie die Struktur, Auswahl, Anordnung und Pr\u00e4sentation des Inhalts) ist durch die geltenden Gesetze zum Schutz des geistigen und gewerblichen Eigentums gesch\u00fctzt.<\/p><p data-start=\"3278\" data-end=\"3412\">Die Vervielf\u00e4ltigung, Verbreitung, \u00f6ffentliche Wiedergabe und Umgestaltung ist strengstens untersagt, au\u00dfer f\u00fcr den pers\u00f6nlichen und privaten Gebrauch.<\/p><p data-start=\"3414\" data-end=\"3588\">Nom empresa garantiert nicht, dass der Inhalt korrekt oder fehlerfrei ist. Jede ordnungsgem\u00e4\u00dfe oder unsachgem\u00e4\u00dfe Nutzung dieser Website und ihrer Inhalte liegt in der alleinigen Verantwortung des Nutzers. <\/p><p data-start=\"3590\" data-end=\"3599\"><strong data-start=\"3590\" data-end=\"3599\">LINKS<\/strong><\/p><p data-start=\"3601\" data-end=\"3837\">Diese Website kann Links zu Websites Dritter enthalten. Diese externen Seiten wurden nicht \u00fcberpr\u00fcft und stehen nicht unter unserer Kontrolle, so dass Nom empresa nicht f\u00fcr den Inhalt, die Datenschutzrichtlinien oder die Praktiken dieser Dritten verantwortlich ist. <\/p><p data-start=\"3839\" data-end=\"3957\">Wir empfehlen Ihnen, die Nutzungsbedingungen und Datenschutzrichtlinien von Websites Dritter sorgf\u00e4ltig zu lesen, bevor Sie diese nutzen.<\/p><p data-start=\"3959\" data-end=\"3985\"><strong data-start=\"3959\" data-end=\"3985\">AMAZON-PARTNERLINKS<\/strong><\/p><p data-start=\"3987\" data-end=\"4146\">Diese Website verwendet Amazon Affiliate Links. Das bedeutet, dass Sie Links zu Amazon-Produkten finden, die Sie unter den Bedingungen von Amazon kaufen k\u00f6nnen. <\/p><p data-start=\"4148\" data-end=\"4175\"><strong data-start=\"4148\" data-end=\"4175\">BESCHR\u00c4NKUNG DER HAFTUNG<\/strong><\/p><p data-start=\"4177\" data-end=\"4223\">Nom empresa kann nicht verantwortlich gemacht werden f\u00fcr:<\/p><ul data-start=\"4225\" data-end=\"4563\"><li data-start=\"4225\" data-end=\"4274\"><p data-start=\"4227\" data-end=\"4274\">Die Qualit\u00e4t, Geschwindigkeit oder Kontinuit\u00e4t des Service.<\/p><\/li><li data-start=\"4275\" data-end=\"4354\"><p data-start=\"4277\" data-end=\"4354\">Das Vorhandensein von Viren, Malware oder anderer sch\u00e4dlicher Software in den Inhalten.<\/p><\/li><li data-start=\"4355\" data-end=\"4403\"><p data-start=\"4357\" data-end=\"4403\">Die illegale oder fahrl\u00e4ssige Nutzung der Website.<\/p><\/li><li data-start=\"4404\" data-end=\"4496\"><p data-start=\"4406\" data-end=\"4496\">Die Rechtm\u00e4\u00dfigkeit, Qualit\u00e4t, Zuverl\u00e4ssigkeit oder N\u00fctzlichkeit von Diensten, die von Dritten bereitgestellt werden.<\/p><\/li><li data-start=\"4497\" data-end=\"4563\"><p data-start=\"4499\" data-end=\"4563\">Alle Sch\u00e4den, die durch die illegale Nutzung dieser Website entstehen k\u00f6nnen.<\/p><\/li><\/ul><p data-start=\"4565\" data-end=\"4603\"><strong data-start=\"4565\" data-end=\"4603\">POLITIK ZUM SCHUTZ DER PRIVATSPH\u00c4RE UND ZUM DATENSCHUTZ<\/strong><\/p><p data-start=\"4605\" data-end=\"4843\">Diese Website entspricht den geltenden Datenschutzbestimmungen. Als Nutzer m\u00fcssen Sie Ihre ausdr\u00fcckliche Zustimmung geben, bevor Sie pers\u00f6nliche Daten \u00fcber die Formulare auf dieser Website angeben. Alle relevanten Informationen finden Sie in unserer Datenschutzrichtlinie.  <\/p><p data-start=\"4845\" data-end=\"4863\"><strong data-start=\"4845\" data-end=\"4863\">COOKIES-POLITIK<\/strong><\/p><p data-start=\"4865\" data-end=\"5034\">Diese Website verwendet eigene Cookies und Cookies von Dritten. Sie k\u00f6nnen Ihren Browser so konfigurieren, dass er die Verwendung von Cookies ablehnt. Weitere Informationen finden Sie in unserer Cookie-Richtlinie.  <\/p><p data-start=\"5036\" data-end=\"5071\"><strong data-start=\"5036\" data-end=\"5071\">ANWENDBARES RECHT UND GERICHTSBARKEIT<\/strong><\/p><p data-start=\"5073\" data-end=\"5335\">Dieser rechtliche Hinweis unterliegt dem geltenden spanischen Recht. Alle Streitigkeiten werden vor den Gerichten des Wohnsitzes des Nutzers verhandelt. Wenn der Nutzer seinen Wohnsitz au\u00dferhalb Spaniens hat, vereinbaren die Parteien, sich den Gerichten von Barcelona (Spanien) zu unterwerfen.  <\/p><p data-start=\"5337\" data-end=\"5426\">Wenn Sie Fragen haben, k\u00f6nnen Sie uns gerne per E-Mail kontaktieren: <a class=\"cursor-pointer\" rel=\"noopener\" data-start=\"5401\" data-end=\"5426\">greenvoke@gmail.com<\/a><\/p>\t\t\t\t\t\t\t\t<\/div>\n\t\t\t\t<\/div>\n\t\t\t\t\t<\/div>\n\t\t<\/div>\n\t\t\t\t\t<\/div>\n\t\t<\/section>\n\t\t\t\t<\/div>\n\t\t","protected":false},"excerpt":{"rendered":"<p>AVISO LEGAL RECHTLICHER HINWEIS Mit diesem rechtlichen Hinweis m\u00f6chten wir Sie \u00fcber Ihre Rechte und Pflichten als Nutzer dieser Website informieren. Hier finden Sie alle notwendigen Informationen \u00fcber diese Website, ihren Zweck, die von ihr erfassten personenbezogenen Daten und ihren Verwendungszweck sowie die Nutzungsbedingungen, die den Zugang zu und die Nutzung dieser Website regeln. Wenn [&hellip;]<\/p>\n","protected":false},"author":2,"featured_media":0,"parent":0,"menu_order":0,"comment_status":"closed","ping_status":"closed","template":"","meta":{"_acf_changed":false,"inline_featured_image":false,"footnotes":""},"class_list":["post-2946","page","type-page","status-publish","hentry"],"acf":[],"yoast_head":"<!-- This site is optimized with the Yoast SEO plugin v26.9 - https:\/\/yoast.com\/product\/yoast-seo-wordpress\/ -->\n<title>\u25b7Rechtlicher Hinweis - \u3010 Greenvoke \u3011<\/title>\n<meta name=\"description\" content=\"AVISO LEGAL RECHTLICHER HINWEISMit diesem rechtlichen Hinweis m\u00f6chten wir Sie \u00fcber Ihre Rechte und Pflichten als Nutzer dieser Website informieren. Hier \u2713\" \/>\n<meta name=\"robots\" content=\"index, follow, max-snippet:-1, max-image-preview:large, max-video-preview:-1\" \/>\n<link rel=\"canonical\" href=\"https:\/\/greenvoke.com\/de\/rechtlicher-hinweis\/\" \/>\n<meta property=\"og:locale\" content=\"de_DE\" \/>\n<meta property=\"og:type\" content=\"article\" \/>\n<meta property=\"og:title\" content=\"\u25b7Rechtlicher Hinweis - \u3010 Greenvoke \u3011\" \/>\n<meta property=\"og:description\" content=\"AVISO LEGAL RECHTLICHER HINWEISMit diesem rechtlichen Hinweis m\u00f6chten wir Sie \u00fcber Ihre Rechte und Pflichten als Nutzer dieser Website informieren. Hier \u2713\" \/>\n<meta property=\"og:url\" content=\"https:\/\/greenvoke.com\/de\/rechtlicher-hinweis\/\" \/>\n<meta property=\"og:site_name\" content=\"Greenvoke\" \/>\n<meta property=\"article:modified_time\" content=\"2025-06-05T10:46:49+00:00\" \/>\n<meta name=\"twitter:card\" content=\"summary_large_image\" \/>\n<meta name=\"twitter:label1\" content=\"Gesch\u00e4tzte Lesezeit\" \/>\n\t<meta name=\"twitter:data1\" content=\"4\u00a0Minuten\" \/>\n<script type=\"application\/ld+json\" class=\"yoast-schema-graph\">{\"@context\":\"https:\/\/schema.org\",\"@graph\":[{\"@type\":\"WebPage\",\"@id\":\"https:\/\/greenvoke.com\/de\/rechtlicher-hinweis\/\",\"url\":\"https:\/\/greenvoke.com\/de\/rechtlicher-hinweis\/\",\"name\":\"\u25b7Rechtlicher Hinweis - \u3010 Greenvoke \u3011\",\"isPartOf\":{\"@id\":\"https:\/\/greenvoke.com\/#website\"},\"datePublished\":\"2025-05-26T08:18:44+00:00\",\"dateModified\":\"2025-06-05T10:46:49+00:00\",\"description\":\"AVISO LEGAL RECHTLICHER HINWEISMit diesem rechtlichen Hinweis m\u00f6chten wir Sie \u00fcber Ihre Rechte und Pflichten als Nutzer dieser Website informieren. Hier \u2713\",\"breadcrumb\":{\"@id\":\"https:\/\/greenvoke.com\/de\/rechtlicher-hinweis\/#breadcrumb\"},\"inLanguage\":\"de\",\"potentialAction\":[{\"@type\":\"ReadAction\",\"target\":[\"https:\/\/greenvoke.com\/de\/rechtlicher-hinweis\/\"]}]},{\"@type\":\"BreadcrumbList\",\"@id\":\"https:\/\/greenvoke.com\/de\/rechtlicher-hinweis\/#breadcrumb\",\"itemListElement\":[{\"@type\":\"ListItem\",\"position\":1,\"name\":\"Portada\",\"item\":\"https:\/\/greenvoke.com\/\"},{\"@type\":\"ListItem\",\"position\":2,\"name\":\"Rechtlicher Hinweis\"}]},{\"@type\":\"WebSite\",\"@id\":\"https:\/\/greenvoke.com\/#website\",\"url\":\"https:\/\/greenvoke.com\/\",\"name\":\"Greenvoke\",\"description\":\"Just another WordPress site\",\"potentialAction\":[{\"@type\":\"SearchAction\",\"target\":{\"@type\":\"EntryPoint\",\"urlTemplate\":\"https:\/\/greenvoke.com\/?s={search_term_string}\"},\"query-input\":{\"@type\":\"PropertyValueSpecification\",\"valueRequired\":true,\"valueName\":\"search_term_string\"}}],\"inLanguage\":\"de\"}]}<\/script>\n<!-- \/ Yoast SEO plugin. -->","yoast_head_json":{"title":"\u25b7Rechtlicher Hinweis - \u3010 Greenvoke \u3011","description":"AVISO LEGAL RECHTLICHER HINWEISMit diesem rechtlichen Hinweis m\u00f6chten wir Sie \u00fcber Ihre Rechte und Pflichten als Nutzer dieser Website informieren. Hier \u2713","robots":{"index":"index","follow":"follow","max-snippet":"max-snippet:-1","max-image-preview":"max-image-preview:large","max-video-preview":"max-video-preview:-1"},"canonical":"https:\/\/greenvoke.com\/de\/rechtlicher-hinweis\/","og_locale":"de_DE","og_type":"article","og_title":"\u25b7Rechtlicher Hinweis - \u3010 Greenvoke \u3011","og_description":"AVISO LEGAL RECHTLICHER HINWEISMit diesem rechtlichen Hinweis m\u00f6chten wir Sie \u00fcber Ihre Rechte und Pflichten als Nutzer dieser Website informieren. Hier \u2713","og_url":"https:\/\/greenvoke.com\/de\/rechtlicher-hinweis\/","og_site_name":"Greenvoke","article_modified_time":"2025-06-05T10:46:49+00:00","twitter_card":"summary_large_image","twitter_misc":{"Gesch\u00e4tzte Lesezeit":"4\u00a0Minuten"},"schema":{"@context":"https:\/\/schema.org","@graph":[{"@type":"WebPage","@id":"https:\/\/greenvoke.com\/de\/rechtlicher-hinweis\/","url":"https:\/\/greenvoke.com\/de\/rechtlicher-hinweis\/","name":"\u25b7Rechtlicher Hinweis - \u3010 Greenvoke \u3011","isPartOf":{"@id":"https:\/\/greenvoke.com\/#website"},"datePublished":"2025-05-26T08:18:44+00:00","dateModified":"2025-06-05T10:46:49+00:00","description":"AVISO LEGAL RECHTLICHER HINWEISMit diesem rechtlichen Hinweis m\u00f6chten wir Sie \u00fcber Ihre Rechte und Pflichten als Nutzer dieser Website informieren. Hier \u2713","breadcrumb":{"@id":"https:\/\/greenvoke.com\/de\/rechtlicher-hinweis\/#breadcrumb"},"inLanguage":"de","potentialAction":[{"@type":"ReadAction","target":["https:\/\/greenvoke.com\/de\/rechtlicher-hinweis\/"]}]},{"@type":"BreadcrumbList","@id":"https:\/\/greenvoke.com\/de\/rechtlicher-hinweis\/#breadcrumb","itemListElement":[{"@type":"ListItem","position":1,"name":"Portada","item":"https:\/\/greenvoke.com\/"},{"@type":"ListItem","position":2,"name":"Rechtlicher Hinweis"}]},{"@type":"WebSite","@id":"https:\/\/greenvoke.com\/#website","url":"https:\/\/greenvoke.com\/","name":"Greenvoke","description":"Just another WordPress site","potentialAction":[{"@type":"SearchAction","target":{"@type":"EntryPoint","urlTemplate":"https:\/\/greenvoke.com\/?s={search_term_string}"},"query-input":{"@type":"PropertyValueSpecification","valueRequired":true,"valueName":"search_term_string"}}],"inLanguage":"de"}]}},"_links":{"self":[{"href":"https:\/\/greenvoke.com\/de\/wp-json\/wp\/v2\/pages\/2946","targetHints":{"allow":["GET"]}}],"collection":[{"href":"https:\/\/greenvoke.com\/de\/wp-json\/wp\/v2\/pages"}],"about":[{"href":"https:\/\/greenvoke.com\/de\/wp-json\/wp\/v2\/types\/page"}],"author":[{"embeddable":true,"href":"https:\/\/greenvoke.com\/de\/wp-json\/wp\/v2\/users\/2"}],"replies":[{"embeddable":true,"href":"https:\/\/greenvoke.com\/de\/wp-json\/wp\/v2\/comments?post=2946"}],"version-history":[{"count":1,"href":"https:\/\/greenvoke.com\/de\/wp-json\/wp\/v2\/pages\/2946\/revisions"}],"predecessor-version":[{"id":2947,"href":"https:\/\/greenvoke.com\/de\/wp-json\/wp\/v2\/pages\/2946\/revisions\/2947"}],"wp:attachment":[{"href":"https:\/\/greenvoke.com\/de\/wp-json\/wp\/v2\/media?parent=2946"}],"curies":[{"name":"wp","href":"https:\/\/api.w.org\/{rel}","templated":true}]}}