{"id":2639,"date":"2025-05-26T11:17:01","date_gmt":"2025-05-26T09:17:01","guid":{"rendered":"https:\/\/greenvoke.com\/politica-de-accesibilidad\/"},"modified":"2025-12-31T00:18:33","modified_gmt":"2025-12-30T23:18:33","slug":"politica-de-accesibilidad","status":"publish","type":"page","link":"https:\/\/greenvoke.com\/es\/politica-de-accesibilidad\/","title":{"rendered":"Pol\u00edtica de accesibilidad"},"content":{"rendered":"\t\t<div data-elementor-type=\"wp-page\" data-elementor-id=\"2639\" class=\"elementor elementor-2639 elementor-2536\" data-elementor-post-type=\"page\">\n\t\t\t\t\t\t<section class=\"elementor-section elementor-top-section elementor-element elementor-element-7f77d23 elementor-section-boxed elementor-section-height-default elementor-section-height-default\" data-id=\"7f77d23\" data-element_type=\"section\" data-e-type=\"section\" data-settings=\"{&quot;background_background&quot;:&quot;classic&quot;}\">\n\t\t\t\t\t\t<div class=\"elementor-container elementor-column-gap-default\">\n\t\t\t\t\t<div class=\"elementor-column elementor-col-100 elementor-top-column elementor-element elementor-element-bbe065a\" data-id=\"bbe065a\" data-element_type=\"column\" data-e-type=\"column\">\n\t\t\t<div class=\"elementor-widget-wrap elementor-element-populated\">\n\t\t\t\t\t\t<div class=\"elementor-element elementor-element-f1297e6 elementor-widget elementor-widget-text-editor\" data-id=\"f1297e6\" data-element_type=\"widget\" data-e-type=\"widget\" data-widget_type=\"text-editor.default\">\n\t\t\t\t<div class=\"elementor-widget-container\">\n\t\t\t\t\t\t\t\t\t<p data-start=\"79\" data-end=\"106\"><strong data-start=\"79\" data-end=\"106\">Acuerdo de Accesibilidad<\/strong><\/p>\n<p data-start=\"108\" data-end=\"357\">La empresa Daniel Kunisch se compromete a hacer accesible su sitio web de acuerdo con el Real Decreto 1112\/2018, de 7 de septiembre, sobre accesibilidad de los sitios web y aplicaciones m\u00f3viles del sector p\u00fablico, o desarrollos financiados por la Uni\u00f3n Europea.<\/p>\n<p data-start=\"359\" data-end=\"466\">Esta declaraci\u00f3n de accesibilidad se aplica al sitio web www.greenvoke.com, excluyendo el contenido incrustado de otros dominios.<\/p>\n<p data-start=\"468\" data-end=\"595\"><strong data-start=\"468\" data-end=\"489\">Situaci\u00f3n de cumplimiento<\/strong> Este sitio web es <em data-start=\"508\" data-end=\"529\">Parcialmente conforme<\/em> con el RD 1112\/2018 debido a la falta de conformidad de los aspectos que se indican a continuaci\u00f3n.<\/p>\n<p data-start=\"597\" data-end=\"623\"><strong data-start=\"597\" data-end=\"623\">Contenido no accesible<\/strong><\/p>\n<p data-start=\"625\" data-end=\"694\">El contenido que se recoge a continuaci\u00f3n no es accesible por los siguientes motivos:<\/p>\n<p data-start=\"696\" data-end=\"736\"><strong data-start=\"696\" data-end=\"736\">Falta de conformidad:<\/strong><\/p>\n<ul data-start=\"737\" data-end=\"1400\">\n<li data-start=\"737\" data-end=\"866\">\n<p data-start=\"739\" data-end=\"866\">Pueden existir algunas im\u00e1genes cuya alternativa no est\u00e9 implementada o no sea correcta &#8211; \u2013 Requisito 9.1.1.1 Contenido no textual UNE-EN 301549:2022<\/p>\n<\/li>\n<li data-start=\"867\" data-end=\"992\">\n<p data-start=\"869\" data-end=\"992\">En los formularios, puede haber campos que no se hayan facilitado su rellenado a trav\u00e9s de sistemas autom\u00e1ticos \u2013 Requisito 9.1.3.5 Identificar el prop\u00f3sito de la entrada UNE-EN 301549:2022<\/p>\n<\/li>\n<li data-start=\"993\" data-end=\"1108\">\n<p data-start=\"995\" data-end=\"1108\">Puede haber elementos cuyo contraste no sea el suficiente en algunas p\u00e1ginas \u2013 Requisito 9.1.4.3 Contraste UNE-EN 301549:2020<\/p>\n<\/li>\n<li data-start=\"1109\" data-end=\"1240\">\n<p data-start=\"1111\" data-end=\"1240\">Puede haber campos de formulario donde su etiqueta no sea correcta o no exista \u2013 Requisito n\u00famero 9.3.3.2 Etiquetas o instrucciones de UNE-EN 301549:2022<\/p>\n<\/li>\n<li data-start=\"1241\" data-end=\"1338\">\n<p data-start=\"1243\" data-end=\"1338\">Pueden existir algunos errores de parseo en el c\u00f3digo &#8211; Requisito n\u00famero 9.4.1.1 Procesamiento de UNE-EN 301549:2022<\/p>\n<\/li>\n<li data-start=\"1339\" data-end=\"1400\">\n<p data-start=\"1341\" data-end=\"1400\">Podr\u00edan existir fallos puntuales de edici\u00f3n en alguna p\u00e1gina web.<\/p>\n<\/li>\n<\/ul>\n<p data-start=\"1402\" data-end=\"1446\"><strong data-start=\"1402\" data-end=\"1430\">Carga desproporcionada: No resulta aplicable.<\/strong><\/p>\n<p data-start=\"1448\" data-end=\"1508\"><strong data-start=\"1448\" data-end=\"1508\">El contenido no entra dentro del \u00e1mbito de la legislaci\u00f3n aplicable.<\/strong><\/p>\n<ul data-start=\"1509\" data-end=\"1836\">\n<li data-start=\"1509\" data-end=\"1656\">\n<p data-start=\"1511\" data-end=\"1656\">Podr\u00edan existir archivos ofim\u00e1ticos en PDF u otros formatos publicados antes del 20 de septiembre de 2018 que no cumplan en su totalidad todos los requisitos de accesibilidad.<\/p>\n<\/li>\n<li data-start=\"1657\" data-end=\"1836\">\n<p data-start=\"1659\" data-end=\"1836\">Puede haber contenidos de terceros que no est\u00e9n desarrollados en esta Unidad, ni bajo su control, como archivos ofim\u00e1ticos de diferentes organismos que deban publicarse en este sitio.<\/p>\n<\/li>\n<\/ul>\n<p data-start=\"1838\" data-end=\"1874\"><strong data-start=\"1838\" data-end=\"1874\">Observaciones y datos de contacto<\/strong><\/p>\n<p data-start=\"1876\" data-end=\"1970\">Puede realizar comunicaciones sobre requisitos de accesibilidad [art\u00edculo 10.2.a) del RD 1112\/2018] como, por ejemplo:<\/p>\n<ul data-start=\"1971\" data-end=\"2238\">\n<li data-start=\"1971\" data-end=\"2027\">\n<p data-start=\"1973\" data-end=\"2027\">Informar sobre cualquier posible incumplimiento por parte de este sitio web.<\/p>\n<\/li>\n<li data-start=\"2028\" data-end=\"2082\">\n<p data-start=\"2030\" data-end=\"2082\">Transmitir otras dificultades de acceso al contenido.<\/p>\n<\/li>\n<li data-start=\"2083\" data-end=\"2238\">\n<p data-start=\"2085\" data-end=\"2238\">Para realizar cualquier otra consulta o sugerencia para mejorar la accesibilidad del sitio web a trav\u00e9s de <b>greenvoke@gmail.com<\/b> o llamando al XXXXXXX de lunes a viernes, de 9:00 a 14:00 horas.<\/p>\n<\/li>\n<\/ul>\n<p data-start=\"2240\" data-end=\"2253\">Puede presentar:<\/p>\n<ul data-start=\"2254\" data-end=\"2580\">\n<li data-start=\"2254\" data-end=\"2327\">\n<p data-start=\"2256\" data-end=\"2327\">Una queja relativa al cumplimiento de los requisitos del RD 1112\/2018<\/p>\n<\/li>\n<li data-start=\"2328\" data-end=\"2580\">\n<p data-start=\"2330\" data-end=\"2377\">Una solicitud de informaci\u00f3n accesible relativa a:<\/p>\n<ul data-start=\"2380\" data-end=\"2580\">\n<li data-start=\"2380\" data-end=\"2470\">\n<p data-start=\"2382\" data-end=\"2470\">Contenidos que est\u00e1n excluidos del \u00e1mbito de aplicaci\u00f3n del RD 1112\/2018 seg\u00fan lo establecido por el art\u00edculo 3, apartado 4.<\/p>\n<\/li>\n<li data-start=\"2473\" data-end=\"2580\">\n<p data-start=\"2475\" data-end=\"2580\">Contenidos que est\u00e1n exentos del cumplimiento de los requisitos de accesibilidad por imponer una carga desproporcionada.<\/p>\n<\/li>\n<\/ul>\n<\/li>\n<\/ul>\n<p data-start=\"2582\" data-end=\"2776\">En la solicitud de informaci\u00f3n accesible, se debe concretar, con toda claridad, los hechos, razones y petici\u00f3n que permitan constatar que se trata de una solicitud razonable y leg\u00edtima.<\/p>\t\t\t\t\t\t\t\t<\/div>\n\t\t\t\t<\/div>\n\t\t\t\t\t<\/div>\n\t\t<\/div>\n\t\t\t\t\t<\/div>\n\t\t<\/section>\n\t\t\t\t<\/div>\n\t\t","protected":false},"excerpt":{"rendered":"<p>Acuerdo de Accesibilidad La empresa Daniel Kunisch se compromete a hacer accesible su sitio web de acuerdo con el Real Decreto 1112\/2018, de 7 de septiembre, sobre accesibilidad de los sitios web y aplicaciones m\u00f3viles del sector p\u00fablico, o desarrollos financiados por la Uni\u00f3n Europea. Esta declaraci\u00f3n de accesibilidad se aplica al sitio web www.greenvoke.com, [&hellip;]<\/p>\n","protected":false},"author":2,"featured_media":0,"parent":0,"menu_order":0,"comment_status":"closed","ping_status":"closed","template":"","meta":{"_acf_changed":false,"inline_featured_image":false,"footnotes":""},"class_list":["post-2639","page","type-page","status-publish","hentry"],"acf":[],"yoast_head":"<!-- This site is optimized with the Yoast SEO plugin v26.9 - https:\/\/yoast.com\/product\/yoast-seo-wordpress\/ -->\n<title>\u25b7Pol\u00edtica de accesibilidad - \u3010 wordpress \u3011<\/title>\n<meta name=\"description\" content=\"Acuerdo de Accesibilidad La empresa Daniel Kunisch se compromete a hacer accesible su sitio web de acuerdo con el Real Decreto 1112\/2018, de 7 de \u2713\" \/>\n<meta name=\"robots\" content=\"index, follow, max-snippet:-1, max-image-preview:large, max-video-preview:-1\" \/>\n<link rel=\"canonical\" href=\"https:\/\/greenvoke.com\/es\/politica-de-accesibilidad\/\" \/>\n<meta property=\"og:locale\" content=\"es_ES\" \/>\n<meta property=\"og:type\" content=\"article\" \/>\n<meta property=\"og:title\" content=\"\u25b7Pol\u00edtica de accesibilidad - \u3010 wordpress \u3011\" \/>\n<meta property=\"og:description\" content=\"Acuerdo de Accesibilidad La empresa Daniel Kunisch se compromete a hacer accesible su sitio web de acuerdo con el Real Decreto 1112\/2018, de 7 de \u2713\" \/>\n<meta property=\"og:url\" content=\"https:\/\/greenvoke.com\/es\/politica-de-accesibilidad\/\" \/>\n<meta property=\"og:site_name\" content=\"wordpress\" \/>\n<meta property=\"article:modified_time\" content=\"2025-12-30T23:18:33+00:00\" \/>\n<meta name=\"twitter:card\" content=\"summary_large_image\" \/>\n<meta name=\"twitter:label1\" content=\"Tiempo de lectura\" \/>\n\t<meta name=\"twitter:data1\" content=\"2 minutos\" \/>\n<script type=\"application\/ld+json\" class=\"yoast-schema-graph\">{\"@context\":\"https:\/\/schema.org\",\"@graph\":[{\"@type\":\"WebPage\",\"@id\":\"https:\/\/greenvoke.com\/es\/politica-de-accesibilidad\/\",\"url\":\"https:\/\/greenvoke.com\/es\/politica-de-accesibilidad\/\",\"name\":\"\u25b7Pol\u00edtica de accesibilidad - \u3010 wordpress \u3011\",\"isPartOf\":{\"@id\":\"https:\/\/greenvoke.com\/#website\"},\"datePublished\":\"2025-05-26T09:17:01+00:00\",\"dateModified\":\"2025-12-30T23:18:33+00:00\",\"description\":\"Acuerdo de Accesibilidad La empresa Daniel Kunisch se compromete a hacer accesible su sitio web de acuerdo con el Real Decreto 1112\/2018, de 7 de \u2713\",\"breadcrumb\":{\"@id\":\"https:\/\/greenvoke.com\/es\/politica-de-accesibilidad\/#breadcrumb\"},\"inLanguage\":\"es\",\"potentialAction\":[{\"@type\":\"ReadAction\",\"target\":[\"https:\/\/greenvoke.com\/es\/politica-de-accesibilidad\/\"]}]},{\"@type\":\"BreadcrumbList\",\"@id\":\"https:\/\/greenvoke.com\/es\/politica-de-accesibilidad\/#breadcrumb\",\"itemListElement\":[{\"@type\":\"ListItem\",\"position\":1,\"name\":\"Portada\",\"item\":\"https:\/\/greenvoke.com\/\"},{\"@type\":\"ListItem\",\"position\":2,\"name\":\"Pol\u00edtica de accesibilidad\"}]},{\"@type\":\"WebSite\",\"@id\":\"https:\/\/greenvoke.com\/#website\",\"url\":\"https:\/\/greenvoke.com\/\",\"name\":\"wordpress\",\"description\":\"Just another WordPress site\",\"publisher\":{\"@id\":\"https:\/\/greenvoke.com\/#organization\"},\"potentialAction\":[{\"@type\":\"SearchAction\",\"target\":{\"@type\":\"EntryPoint\",\"urlTemplate\":\"https:\/\/greenvoke.com\/?s={search_term_string}\"},\"query-input\":{\"@type\":\"PropertyValueSpecification\",\"valueRequired\":true,\"valueName\":\"search_term_string\"}}],\"inLanguage\":\"es\"},{\"@type\":\"Organization\",\"@id\":\"https:\/\/greenvoke.com\/#organization\",\"name\":\"wordpress\",\"url\":\"https:\/\/greenvoke.com\/\",\"logo\":{\"@type\":\"ImageObject\",\"inLanguage\":\"es\",\"@id\":\"https:\/\/greenvoke.com\/#\/schema\/logo\/image\/\",\"url\":\"https:\/\/greenvoke.com\/wp-content\/uploads\/2021\/10\/Disseny-sense-titol-4-1-e1747996675463.png\",\"contentUrl\":\"https:\/\/greenvoke.com\/wp-content\/uploads\/2021\/10\/Disseny-sense-titol-4-1-e1747996675463.png\",\"width\":150,\"height\":106,\"caption\":\"wordpress\"},\"image\":{\"@id\":\"https:\/\/greenvoke.com\/#\/schema\/logo\/image\/\"}}]}<\/script>\n<!-- \/ Yoast SEO plugin. -->","yoast_head_json":{"title":"\u25b7Pol\u00edtica de accesibilidad - \u3010 wordpress \u3011","description":"Acuerdo de Accesibilidad La empresa Daniel Kunisch se compromete a hacer accesible su sitio web de acuerdo con el Real Decreto 1112\/2018, de 7 de \u2713","robots":{"index":"index","follow":"follow","max-snippet":"max-snippet:-1","max-image-preview":"max-image-preview:large","max-video-preview":"max-video-preview:-1"},"canonical":"https:\/\/greenvoke.com\/es\/politica-de-accesibilidad\/","og_locale":"es_ES","og_type":"article","og_title":"\u25b7Pol\u00edtica de accesibilidad - \u3010 wordpress \u3011","og_description":"Acuerdo de Accesibilidad La empresa Daniel Kunisch se compromete a hacer accesible su sitio web de acuerdo con el Real Decreto 1112\/2018, de 7 de \u2713","og_url":"https:\/\/greenvoke.com\/es\/politica-de-accesibilidad\/","og_site_name":"wordpress","article_modified_time":"2025-12-30T23:18:33+00:00","twitter_card":"summary_large_image","twitter_misc":{"Tiempo de lectura":"2 minutos"},"schema":{"@context":"https:\/\/schema.org","@graph":[{"@type":"WebPage","@id":"https:\/\/greenvoke.com\/es\/politica-de-accesibilidad\/","url":"https:\/\/greenvoke.com\/es\/politica-de-accesibilidad\/","name":"\u25b7Pol\u00edtica de accesibilidad - \u3010 wordpress \u3011","isPartOf":{"@id":"https:\/\/greenvoke.com\/#website"},"datePublished":"2025-05-26T09:17:01+00:00","dateModified":"2025-12-30T23:18:33+00:00","description":"Acuerdo de Accesibilidad La empresa Daniel Kunisch se compromete a hacer accesible su sitio web de acuerdo con el Real Decreto 1112\/2018, de 7 de \u2713","breadcrumb":{"@id":"https:\/\/greenvoke.com\/es\/politica-de-accesibilidad\/#breadcrumb"},"inLanguage":"es","potentialAction":[{"@type":"ReadAction","target":["https:\/\/greenvoke.com\/es\/politica-de-accesibilidad\/"]}]},{"@type":"BreadcrumbList","@id":"https:\/\/greenvoke.com\/es\/politica-de-accesibilidad\/#breadcrumb","itemListElement":[{"@type":"ListItem","position":1,"name":"Portada","item":"https:\/\/greenvoke.com\/"},{"@type":"ListItem","position":2,"name":"Pol\u00edtica de accesibilidad"}]},{"@type":"WebSite","@id":"https:\/\/greenvoke.com\/#website","url":"https:\/\/greenvoke.com\/","name":"wordpress","description":"Just another WordPress site","publisher":{"@id":"https:\/\/greenvoke.com\/#organization"},"potentialAction":[{"@type":"SearchAction","target":{"@type":"EntryPoint","urlTemplate":"https:\/\/greenvoke.com\/?s={search_term_string}"},"query-input":{"@type":"PropertyValueSpecification","valueRequired":true,"valueName":"search_term_string"}}],"inLanguage":"es"},{"@type":"Organization","@id":"https:\/\/greenvoke.com\/#organization","name":"wordpress","url":"https:\/\/greenvoke.com\/","logo":{"@type":"ImageObject","inLanguage":"es","@id":"https:\/\/greenvoke.com\/#\/schema\/logo\/image\/","url":"https:\/\/greenvoke.com\/wp-content\/uploads\/2021\/10\/Disseny-sense-titol-4-1-e1747996675463.png","contentUrl":"https:\/\/greenvoke.com\/wp-content\/uploads\/2021\/10\/Disseny-sense-titol-4-1-e1747996675463.png","width":150,"height":106,"caption":"wordpress"},"image":{"@id":"https:\/\/greenvoke.com\/#\/schema\/logo\/image\/"}}]}},"_links":{"self":[{"href":"https:\/\/greenvoke.com\/es\/wp-json\/wp\/v2\/pages\/2639","targetHints":{"allow":["GET"]}}],"collection":[{"href":"https:\/\/greenvoke.com\/es\/wp-json\/wp\/v2\/pages"}],"about":[{"href":"https:\/\/greenvoke.com\/es\/wp-json\/wp\/v2\/types\/page"}],"author":[{"embeddable":true,"href":"https:\/\/greenvoke.com\/es\/wp-json\/wp\/v2\/users\/2"}],"replies":[{"embeddable":true,"href":"https:\/\/greenvoke.com\/es\/wp-json\/wp\/v2\/comments?post=2639"}],"version-history":[{"count":5,"href":"https:\/\/greenvoke.com\/es\/wp-json\/wp\/v2\/pages\/2639\/revisions"}],"predecessor-version":[{"id":3420,"href":"https:\/\/greenvoke.com\/es\/wp-json\/wp\/v2\/pages\/2639\/revisions\/3420"}],"wp:attachment":[{"href":"https:\/\/greenvoke.com\/es\/wp-json\/wp\/v2\/media?parent=2639"}],"curies":[{"name":"wp","href":"https:\/\/api.w.org\/{rel}","templated":true}]}}