{"id":2694,"date":"2025-05-26T10:25:00","date_gmt":"2025-05-26T08:25:00","guid":{"rendered":"https:\/\/greenvoke.com\/politicas-de-cookies\/"},"modified":"2025-06-05T10:57:32","modified_gmt":"2025-06-05T08:57:32","slug":"politicas-de-cookies","status":"publish","type":"page","link":"https:\/\/greenvoke.com\/es\/politicas-de-cookies\/","title":{"rendered":"Pol\u00edticas de Cookies"},"content":{"rendered":"\t\t<div data-elementor-type=\"wp-page\" data-elementor-id=\"2694\" class=\"elementor elementor-2694 elementor-2544\" data-elementor-post-type=\"page\">\n\t\t\t\t<div class=\"elementor-element elementor-element-38c39e9 e-flex e-con-boxed e-con e-parent\" data-id=\"38c39e9\" data-element_type=\"container\" data-e-type=\"container\" data-settings=\"{&quot;background_background&quot;:&quot;classic&quot;}\">\n\t\t\t\t\t<div class=\"e-con-inner\">\n\t\t\t\t<div class=\"elementor-element elementor-element-aaf4c72 elementor-widget elementor-widget-text-editor\" data-id=\"aaf4c72\" data-element_type=\"widget\" data-e-type=\"widget\" data-widget_type=\"text-editor.default\">\n\t\t\t\t<div class=\"elementor-widget-container\">\n\t\t\t\t\t\t\t\t\t<p data-start=\"109\" data-end=\"145\"><strong data-start=\"109\" data-end=\"145\">POL\u00cdTICAS DE COOKIES Y ALMACENAMIENTO LOCAL<\/strong><\/p><p data-start=\"147\" data-end=\"312\">Este sitio web utiliza cookies y tecnolog\u00edas similares para proporcionar el servicio, as\u00ed como permitirnos mejorarlo, a trav\u00e9s de la obtenci\u00f3n de estad\u00edsticas sobre su uso, y otras finalidades.<\/p><p data-start=\"314\" data-end=\"682\">Navegar por esta web implica necesariamente la utilizaci\u00f3n de cookies y tecnolog\u00edas similares siempre y cuando sea necesario para su funcionamiento. Asimismo, para ciertas finalidades, las cookies y el almacenamiento local estar\u00e1n sujetas a su previo consentimiento. Puede aceptar o rechazar las cookies mediante el sistema de configuraci\u00f3n establecido y tambi\u00e9n es posible configurar el navegador para impedir su uso.  <\/p><p data-start=\"684\" data-end=\"753\">Esta pol\u00edtica forma parte de nuestra pol\u00edtica de privacidad e incluye lo siguiente:<\/p><ul data-start=\"755\" data-end=\"1154\"><li data-start=\"755\" data-end=\"774\"><p data-start=\"757\" data-end=\"774\">\u00bfQu\u00e9 son las cookies?<\/p><\/li><li data-start=\"775\" data-end=\"803\"><p data-start=\"777\" data-end=\"803\">\u00bfPara qu\u00e9 se usan las cookies?<\/p><\/li><li data-start=\"804\" data-end=\"857\"><p data-start=\"806\" data-end=\"857\">\u00bfQu\u00e9 entendemos por tecnolog\u00edas similares a las cookies?<\/p><\/li><li data-start=\"858\" data-end=\"919\"><p data-start=\"860\" data-end=\"919\">\u00bfQu\u00e9 son las cookies de terceros? \u00bfQui\u00e9n recibe la informaci\u00f3n? <\/p><\/li><li data-start=\"920\" data-end=\"987\"><p data-start=\"922\" data-end=\"987\">\u00bfQu\u00e9 funciones y caracter\u00edsticas de terceros utilizamos en nuestro sitio web?<\/p><\/li><li data-start=\"988\" data-end=\"1048\"><p data-start=\"990\" data-end=\"1048\">\u00bfDurante cu\u00e1nto tiempo permanecen activas las cookies o tecnolog\u00edas similares?<\/p><\/li><li data-start=\"1049\" data-end=\"1094\"><p data-start=\"1051\" data-end=\"1094\">Uso de navegadores con modo de navegaci\u00f3n privada<\/p><\/li><li data-start=\"1095\" data-end=\"1154\"><p data-start=\"1097\" data-end=\"1154\">\u00bfC\u00f3mo evitar el uso de cookies y c\u00f3mo borrarlas?<\/p><\/li><\/ul><p data-start=\"1156\" data-end=\"1177\"><strong data-start=\"1156\" data-end=\"1177\">\u00bfQu\u00e9 son las cookies?<\/strong><\/p><p data-start=\"1179\" data-end=\"1498\">Las \u201ccookies\u201d son peque\u00f1os ficheros temporales que se crean en el dispositivo del usuario (ordenador, tel\u00e9fono, tableta, etc.) cuando visita una web, y que permiten a la misma almacenar o recuperar informaci\u00f3n cuando navega, por ejemplo, para guardar sus preferencias de uso o para reconocerlo en posteriores visitas, as\u00ed como obtener informaci\u00f3n sobre sus h\u00e1bitos de navegaci\u00f3n. <\/p><p data-start=\"1500\" data-end=\"1833\">Cuando una web crea una cookie en el dispositivo del usuario, se almacena la direcci\u00f3n\/dominio de la web que ha creado la cookie, la duraci\u00f3n de la cookie que puede ir de escasos minutos a varios a\u00f1os, as\u00ed como el contenido de la cookie. El usuario puede deshabilitar las cookies en todo momento mediante el sistema de configuraci\u00f3n de este sitio web, as\u00ed como configurar su programa de navegaci\u00f3n para impedir (bloquear) el uso de cookies por parte de determinadas webs, as\u00ed como borrar las cookies almacenadas previamente. <\/p><p data-start=\"1835\" data-end=\"1865\"><strong data-start=\"1835\" data-end=\"1865\">\u00bfPara qu\u00e9 se usan las cookies?<\/strong><\/p><p data-start=\"1867\" data-end=\"1904\">Los usos o finalidades m\u00e1s habituales son:<\/p><ul data-start=\"1906\" data-end=\"2672\"><li data-start=\"1906\" data-end=\"2066\"><p data-start=\"1908\" data-end=\"2066\"><strong data-start=\"1908\" data-end=\"1939\">Cookies t\u00e9cnicas esenciales<\/strong>. Se utilizan para gestionar el flujo de navegaci\u00f3n dentro de la web o para mantener al usuario conectado a la misma. Al deshabilitarlas, es posible que alg\u00fan apartado de la web no funcione correctamente. <\/p><\/li><li data-start=\"2067\" data-end=\"2145\"><p data-start=\"2069\" data-end=\"2145\"><strong data-start=\"2069\" data-end=\"2096\">Cookies de personalizaci\u00f3n<\/strong>. Necesarias para recordar determinadas preferencias del usuario.<\/p><\/li><li data-start=\"2146\" data-end=\"2328\"><p data-start=\"2148\" data-end=\"2328\"><strong data-start=\"2148\" data-end=\"2170\">Cookies anal\u00edticas<\/strong>. Nos ayudan a nosotros y a terceros a recopilar informaci\u00f3n de la procedencia de los usuarios y su navegaci\u00f3n dentro de la web, a efectos de realizar un an\u00e1lisis estad\u00edstico para poder mejorar la estructura y los contenidos.<\/p><\/li><li data-start=\"2329\" data-end=\"2442\"><p data-start=\"2331\" data-end=\"2442\"><strong data-start=\"2331\" data-end=\"2354\">Cookies publicitarias<\/strong>. Utilizadas para gestionar los anuncios que aparecen en la web, decidir el contenido o la frecuencia de los anuncios.<\/p><\/li><li data-start=\"2443\" data-end=\"2572\"><p data-start=\"2445\" data-end=\"2572\"><strong data-start=\"2445\" data-end=\"2479\">Cookies publicitarias comportamentales<\/strong>. Ayudan a recopilar los h\u00e1bitos de navegaci\u00f3n del usuario para crear un perfil de sus intereses y para mostrarle anuncios adaptados a los mismos.<\/p><\/li><li data-start=\"2573\" data-end=\"2672\"><p data-start=\"2575\" data-end=\"2672\"><strong data-start=\"2575\" data-end=\"2601\">Cookies para compartici\u00f3n social<\/strong>. Son necesarias para identificar al usuario en sus redes sociales y as\u00ed permitirle compartir contenidos.<\/p><\/li><\/ul><p data-start=\"2674\" data-end=\"2729\"><strong data-start=\"2674\" data-end=\"2729\">\u00bfQu\u00e9 entendemos por tecnolog\u00edas similares a las cookies?<\/strong><\/p><p data-start=\"2731\" data-end=\"2833\">Se entiende por tecnolog\u00edas similares cualquier tipo de mecanismo de almacenamiento y recuperaci\u00f3n de datos que se utilice en el dispositivo del usuario para obtener informaci\u00f3n. Las m\u00e1s habituales incluyen: <\/p><ul data-start=\"2835\" data-end=\"3225\"><li data-start=\"2835\" data-end=\"2910\"><p data-start=\"2837\" data-end=\"2910\"><strong data-start=\"2837\" data-end=\"2862\">Almacenamiento local del navegador<\/strong>: Como <code data-start=\"2872\" data-end=\"2888\">sessionStorage<\/code>y <code data-start=\"2893\" data-end=\"2907\">localStorage<\/code>.<br><\/p><\/li><li data-start=\"2911\" data-end=\"3020\"><p data-start=\"2913\" data-end=\"3020\"><strong data-start=\"2913\" data-end=\"2951\">Almacenamiento local de complementos del navegador<\/strong>: Por ejemplo, Flash Local Shared Objects o Silverlight Isolated Objects.<\/p><\/li><li data-start=\"3021\" data-end=\"3115\"><p data-start=\"3023\" data-end=\"3115\"><strong data-start=\"3023\" data-end=\"3038\">Web beacons<\/strong>: Im\u00e1genes alojadas en servidores que permiten rastrear visitas a p\u00e1ginas o correos electr\u00f3nicos.<\/p><\/li><li data-start=\"3116\" data-end=\"3225\"><p data-start=\"3118\" data-end=\"3225\"><strong data-start=\"3118\" data-end=\"3136\">Fingerprinting: Combina informaci\u00f3n del navegador o dispositivo para identificar al usuario en visitas posteriores.<\/strong><\/p><\/li><\/ul><p data-start=\"3227\" data-end=\"3290\"><strong data-start=\"3227\" data-end=\"3290\">\u00bfQu\u00e9 son las cookies de terceros? \u00bfQui\u00e9n recibe la informaci\u00f3n? <\/strong><\/p><p data-start=\"3292\" data-end=\"3318\">Las cookies se clasifican en:<\/p><ul data-start=\"3320\" data-end=\"3619\"><li data-start=\"3320\" data-end=\"3385\"><p data-start=\"3322\" data-end=\"3385\"><strong data-start=\"3322\" data-end=\"3345\">Cookies propias: Creadas y gestionadas desde nuestro dominio.<\/strong><\/p><\/li><li data-start=\"3386\" data-end=\"3619\"><p data-start=\"3388\" data-end=\"3619\"><strong data-start=\"3388\" data-end=\"3411\">Cookies de terceros: Creadas y gestionadas por otros sitios web que proporcionan funciones como mapas interactivos, v\u00eddeos, botones de redes sociales o anuncios personalizados. Estas cookies est\u00e1n bajo el control del tercero que las proporciona.<\/strong> <\/p><\/li><\/ul><p data-start=\"3621\" data-end=\"3690\"><strong data-start=\"3621\" data-end=\"3690\">\u00bfQu\u00e9 funciones y caracter\u00edsticas de terceros utilizamos en nuestro sitio web?<\/strong><\/p><p data-start=\"3692\" data-end=\"3752\">A continuaci\u00f3n, se muestra una tabla resumen de las cookies utilizadas en nuestro sitio web:<\/p><div class=\"_tableContainer_16hzy_1\"><div class=\"_tableWrapper_16hzy_14 group flex w-fit flex-col-reverse\" tabindex=\"-1\"><table class=\"w-fit min-w-(--thread-content-width)\" data-start=\"3754\" data-end=\"4617\"><thead data-start=\"3754\" data-end=\"3878\"><tr data-start=\"3754\" data-end=\"3878\"><th data-start=\"3754\" data-end=\"3794\" data-col-size=\"sm\">Cookie<\/th><th data-start=\"3794\" data-end=\"3807\" data-col-size=\"sm\">Type<\/th><th data-start=\"3807\" data-end=\"3820\" data-col-size=\"sm\">Duration<\/th><th data-start=\"3820\" data-end=\"3878\" data-col-size=\"md\">Description<\/th><\/tr><\/thead><tbody data-start=\"4003\" data-end=\"4617\"><tr data-start=\"4003\" data-end=\"4125\"><td data-start=\"4003\" data-end=\"4042\" data-col-size=\"sm\">__cf_bm<\/td><td data-col-size=\"sm\" data-start=\"4042\" data-end=\"4055\">Session<\/td><td data-col-size=\"sm\" data-start=\"4055\" data-end=\"4068\">1 hour<\/td><td data-col-size=\"md\" data-start=\"4068\" data-end=\"4125\">Soporte para la gesti\u00f3n de bots por Cloudflare.<\/td><\/tr><tr data-start=\"4126\" data-end=\"4248\"><td data-start=\"4126\" data-end=\"4165\" data-col-size=\"sm\">cookielawinfo-checkbox-analytics<\/td><td data-col-size=\"sm\" data-start=\"4165\" data-end=\"4178\">Persistent<\/td><td data-col-size=\"sm\" data-start=\"4178\" data-end=\"4191\">11 months<\/td><td data-col-size=\"md\" data-start=\"4191\" data-end=\"4248\">Stores consent for analytical cookies.<\/td><\/tr><tr data-start=\"4249\" data-end=\"4371\"><td data-start=\"4249\" data-end=\"4288\" data-col-size=\"sm\">cookielawinfo-checkbox-functional<\/td><td data-col-size=\"sm\" data-start=\"4288\" data-end=\"4301\">Persistent<\/td><td data-col-size=\"sm\" data-start=\"4301\" data-end=\"4314\">11 months<\/td><td data-col-size=\"md\" data-start=\"4314\" data-end=\"4371\">Almacena el consentimiento para cookies anal\u00edticas.<\/td><\/tr><tr data-start=\"4372\" data-end=\"4494\"><td data-start=\"4372\" data-end=\"4411\" data-col-size=\"sm\">cookielawinfo-checkbox-necessary<\/td><td data-col-size=\"sm\" data-start=\"4411\" data-end=\"4424\">Persistent<\/td><td data-col-size=\"sm\" data-start=\"4424\" data-end=\"4437\">11 months<\/td><td data-col-size=\"md\" data-start=\"4437\" data-end=\"4494\">Almacena el consentimiento para cookies funcionales.<\/td><\/tr><tr data-start=\"4495\" data-end=\"4617\"><td data-start=\"4495\" data-end=\"4534\" data-col-size=\"sm\">viewed_cookie_policy<\/td><td data-col-size=\"sm\" data-start=\"4534\" data-end=\"4547\">Persistent<\/td><td data-col-size=\"sm\" data-start=\"4547\" data-end=\"4560\">11 months<\/td> <td data-col-size=\"md\" data-start=\"4560\" data-end=\"4617\">Indica si el usuario consinti\u00f3 el uso de cookies. <\/td><\/tr><\/tbody><\/table><div class=\"sticky end-(--thread-content-margin) h-0 self-end select-none\"><div class=\"absolute end-0 flex items-end\"> <\/div><\/div><\/div><\/div><p data-start=\"4619\" data-end=\"4681\"><strong data-start=\"4619\" data-end=\"4681\">\u00bfDurante cu\u00e1nto tiempo permanecen activas las cookies o tecnolog\u00edas similares?<\/strong><\/p><p data-start=\"4683\" data-end=\"4698\">Las cookies pueden ser:<\/p><ul data-start=\"4700\" data-end=\"4836\"><li data-start=\"4700\" data-end=\"4760\"><p data-start=\"4702\" data-end=\"4760\"><strong data-start=\"4702\" data-end=\"4721\">Cookies de sesi\u00f3n<\/strong>: Se eliminan al cerrar el navegador.<\/p><\/li><li data-start=\"4761\" data-end=\"4836\"><p data-start=\"4763\" data-end=\"4836\"><strong data-start=\"4763\" data-end=\"4785\">Cookies persistentes<\/strong>: Permanecen hasta que caducan o se eliminan manualmente.<\/p><\/li><\/ul><p data-start=\"4838\" data-end=\"4899\"><strong data-start=\"4838\" data-end=\"4899\">\u00bfC\u00f3mo evitar el uso de cookies y c\u00f3mo borrarlas?<\/strong><\/p><p data-start=\"4901\" data-end=\"5138\">Puedes configurar tus preferencias en cualquier momento mediante el sistema de configuraci\u00f3n de cookies integrado en este sitio web. Adem\u00e1s, la mayor\u00eda de navegadores permiten desactivar las cookies globalmente o por dominios espec\u00edficos. Consulta la ayuda de tu navegador:  <\/p><ul data-start=\"5140\" data-end=\"5202\"><li data-start=\"5140\" data-end=\"5150\"><p data-start=\"5142\" data-end=\"5150\">Chrome<\/p><\/li><li data-start=\"5151\" data-end=\"5169\"><p data-start=\"5153\" data-end=\"5169\">Microsoft Edge<\/p><\/li><li data-start=\"5170\" data-end=\"5181\"><p data-start=\"5172\" data-end=\"5181\">Firefox<\/p><\/li><li data-start=\"5182\" data-end=\"5192\"><p data-start=\"5184\" data-end=\"5192\">Safari<\/p><\/li><li data-start=\"5193\" data-end=\"5202\"><p data-start=\"5195\" data-end=\"5202\">Opera<\/p><\/li><\/ul><p data-start=\"5204\" data-end=\"5261\">Para m\u00e1s informaci\u00f3n, consulta nuestra Pol\u00edtica de Privacidad.<\/p>\t\t\t\t\t\t\t\t<\/div>\n\t\t\t\t<\/div>\n\t\t\t\t\t<\/div>\n\t\t\t\t<\/div>\n\t\t\t\t<\/div>\n\t\t","protected":false},"excerpt":{"rendered":"<p>POL\u00cdTICAS DE COOKIES Y ALMACENAMIENTO LOCAL Este sitio web utiliza cookies y tecnolog\u00edas similares para proporcionar el servicio, as\u00ed como permitirnos mejorarlo, a trav\u00e9s de la obtenci\u00f3n de estad\u00edsticas sobre su uso, y otras finalidades. Navegar por esta web implica necesariamente la utilizaci\u00f3n de cookies y tecnolog\u00edas similares siempre y cuando sea necesario para su [&hellip;]<\/p>\n","protected":false},"author":2,"featured_media":0,"parent":0,"menu_order":0,"comment_status":"closed","ping_status":"closed","template":"","meta":{"_acf_changed":false,"inline_featured_image":false,"footnotes":""},"class_list":["post-2694","page","type-page","status-publish","hentry"],"acf":[],"yoast_head":"<!-- This site is optimized with the Yoast SEO plugin v26.9 - https:\/\/yoast.com\/product\/yoast-seo-wordpress\/ -->\n<title>\u25b7Pol\u00edticas de Cookies - \u3010 wordpress \u3011<\/title>\n<meta name=\"description\" content=\"POL\u00cdTICAS DE COOKIES Y ALMACENAMIENTO LOCALEste sitio web utiliza cookies y tecnolog\u00edas similares para proporcionar el servicio, as\u00ed como permitirnos \u2713\" \/>\n<meta name=\"robots\" content=\"index, follow, max-snippet:-1, max-image-preview:large, max-video-preview:-1\" \/>\n<link rel=\"canonical\" href=\"https:\/\/greenvoke.com\/es\/politicas-de-cookies\/\" \/>\n<meta property=\"og:locale\" content=\"es_ES\" \/>\n<meta property=\"og:type\" content=\"article\" \/>\n<meta property=\"og:title\" content=\"\u25b7Pol\u00edticas de Cookies - \u3010 wordpress \u3011\" \/>\n<meta property=\"og:description\" content=\"POL\u00cdTICAS DE COOKIES Y ALMACENAMIENTO LOCALEste sitio web utiliza cookies y tecnolog\u00edas similares para proporcionar el servicio, as\u00ed como permitirnos \u2713\" \/>\n<meta property=\"og:url\" content=\"https:\/\/greenvoke.com\/es\/politicas-de-cookies\/\" \/>\n<meta property=\"og:site_name\" content=\"wordpress\" \/>\n<meta property=\"article:modified_time\" content=\"2025-06-05T08:57:32+00:00\" \/>\n<meta name=\"twitter:card\" content=\"summary_large_image\" \/>\n<meta name=\"twitter:label1\" content=\"Tiempo de lectura\" \/>\n\t<meta name=\"twitter:data1\" content=\"4 minutos\" \/>\n<script type=\"application\/ld+json\" class=\"yoast-schema-graph\">{\"@context\":\"https:\/\/schema.org\",\"@graph\":[{\"@type\":\"WebPage\",\"@id\":\"https:\/\/greenvoke.com\/es\/politicas-de-cookies\/\",\"url\":\"https:\/\/greenvoke.com\/es\/politicas-de-cookies\/\",\"name\":\"\u25b7Pol\u00edticas de Cookies - \u3010 wordpress \u3011\",\"isPartOf\":{\"@id\":\"https:\/\/greenvoke.com\/#website\"},\"datePublished\":\"2025-05-26T08:25:00+00:00\",\"dateModified\":\"2025-06-05T08:57:32+00:00\",\"description\":\"POL\u00cdTICAS DE COOKIES Y ALMACENAMIENTO LOCALEste sitio web utiliza cookies y tecnolog\u00edas similares para proporcionar el servicio, as\u00ed como permitirnos \u2713\",\"breadcrumb\":{\"@id\":\"https:\/\/greenvoke.com\/es\/politicas-de-cookies\/#breadcrumb\"},\"inLanguage\":\"es\",\"potentialAction\":[{\"@type\":\"ReadAction\",\"target\":[\"https:\/\/greenvoke.com\/es\/politicas-de-cookies\/\"]}]},{\"@type\":\"BreadcrumbList\",\"@id\":\"https:\/\/greenvoke.com\/es\/politicas-de-cookies\/#breadcrumb\",\"itemListElement\":[{\"@type\":\"ListItem\",\"position\":1,\"name\":\"Portada\",\"item\":\"https:\/\/greenvoke.com\/\"},{\"@type\":\"ListItem\",\"position\":2,\"name\":\"Pol\u00edticas de Cookies\"}]},{\"@type\":\"WebSite\",\"@id\":\"https:\/\/greenvoke.com\/#website\",\"url\":\"https:\/\/greenvoke.com\/\",\"name\":\"wordpress\",\"description\":\"Just another WordPress site\",\"publisher\":{\"@id\":\"https:\/\/greenvoke.com\/#organization\"},\"potentialAction\":[{\"@type\":\"SearchAction\",\"target\":{\"@type\":\"EntryPoint\",\"urlTemplate\":\"https:\/\/greenvoke.com\/?s={search_term_string}\"},\"query-input\":{\"@type\":\"PropertyValueSpecification\",\"valueRequired\":true,\"valueName\":\"search_term_string\"}}],\"inLanguage\":\"es\"},{\"@type\":\"Organization\",\"@id\":\"https:\/\/greenvoke.com\/#organization\",\"name\":\"wordpress\",\"url\":\"https:\/\/greenvoke.com\/\",\"logo\":{\"@type\":\"ImageObject\",\"inLanguage\":\"es\",\"@id\":\"https:\/\/greenvoke.com\/#\/schema\/logo\/image\/\",\"url\":\"https:\/\/greenvoke.com\/wp-content\/uploads\/2021\/10\/Disseny-sense-titol-4-1-e1747996675463.png\",\"contentUrl\":\"https:\/\/greenvoke.com\/wp-content\/uploads\/2021\/10\/Disseny-sense-titol-4-1-e1747996675463.png\",\"width\":150,\"height\":106,\"caption\":\"wordpress\"},\"image\":{\"@id\":\"https:\/\/greenvoke.com\/#\/schema\/logo\/image\/\"}}]}<\/script>\n<!-- \/ Yoast SEO plugin. -->","yoast_head_json":{"title":"\u25b7Pol\u00edticas de Cookies - \u3010 wordpress \u3011","description":"POL\u00cdTICAS DE COOKIES Y ALMACENAMIENTO LOCALEste sitio web utiliza cookies y tecnolog\u00edas similares para proporcionar el servicio, as\u00ed como permitirnos \u2713","robots":{"index":"index","follow":"follow","max-snippet":"max-snippet:-1","max-image-preview":"max-image-preview:large","max-video-preview":"max-video-preview:-1"},"canonical":"https:\/\/greenvoke.com\/es\/politicas-de-cookies\/","og_locale":"es_ES","og_type":"article","og_title":"\u25b7Pol\u00edticas de Cookies - \u3010 wordpress \u3011","og_description":"POL\u00cdTICAS DE COOKIES Y ALMACENAMIENTO LOCALEste sitio web utiliza cookies y tecnolog\u00edas similares para proporcionar el servicio, as\u00ed como permitirnos \u2713","og_url":"https:\/\/greenvoke.com\/es\/politicas-de-cookies\/","og_site_name":"wordpress","article_modified_time":"2025-06-05T08:57:32+00:00","twitter_card":"summary_large_image","twitter_misc":{"Tiempo de lectura":"4 minutos"},"schema":{"@context":"https:\/\/schema.org","@graph":[{"@type":"WebPage","@id":"https:\/\/greenvoke.com\/es\/politicas-de-cookies\/","url":"https:\/\/greenvoke.com\/es\/politicas-de-cookies\/","name":"\u25b7Pol\u00edticas de Cookies - \u3010 wordpress \u3011","isPartOf":{"@id":"https:\/\/greenvoke.com\/#website"},"datePublished":"2025-05-26T08:25:00+00:00","dateModified":"2025-06-05T08:57:32+00:00","description":"POL\u00cdTICAS DE COOKIES Y ALMACENAMIENTO LOCALEste sitio web utiliza cookies y tecnolog\u00edas similares para proporcionar el servicio, as\u00ed como permitirnos \u2713","breadcrumb":{"@id":"https:\/\/greenvoke.com\/es\/politicas-de-cookies\/#breadcrumb"},"inLanguage":"es","potentialAction":[{"@type":"ReadAction","target":["https:\/\/greenvoke.com\/es\/politicas-de-cookies\/"]}]},{"@type":"BreadcrumbList","@id":"https:\/\/greenvoke.com\/es\/politicas-de-cookies\/#breadcrumb","itemListElement":[{"@type":"ListItem","position":1,"name":"Portada","item":"https:\/\/greenvoke.com\/"},{"@type":"ListItem","position":2,"name":"Pol\u00edticas de Cookies"}]},{"@type":"WebSite","@id":"https:\/\/greenvoke.com\/#website","url":"https:\/\/greenvoke.com\/","name":"wordpress","description":"Just another WordPress site","publisher":{"@id":"https:\/\/greenvoke.com\/#organization"},"potentialAction":[{"@type":"SearchAction","target":{"@type":"EntryPoint","urlTemplate":"https:\/\/greenvoke.com\/?s={search_term_string}"},"query-input":{"@type":"PropertyValueSpecification","valueRequired":true,"valueName":"search_term_string"}}],"inLanguage":"es"},{"@type":"Organization","@id":"https:\/\/greenvoke.com\/#organization","name":"wordpress","url":"https:\/\/greenvoke.com\/","logo":{"@type":"ImageObject","inLanguage":"es","@id":"https:\/\/greenvoke.com\/#\/schema\/logo\/image\/","url":"https:\/\/greenvoke.com\/wp-content\/uploads\/2021\/10\/Disseny-sense-titol-4-1-e1747996675463.png","contentUrl":"https:\/\/greenvoke.com\/wp-content\/uploads\/2021\/10\/Disseny-sense-titol-4-1-e1747996675463.png","width":150,"height":106,"caption":"wordpress"},"image":{"@id":"https:\/\/greenvoke.com\/#\/schema\/logo\/image\/"}}]}},"_links":{"self":[{"href":"https:\/\/greenvoke.com\/es\/wp-json\/wp\/v2\/pages\/2694","targetHints":{"allow":["GET"]}}],"collection":[{"href":"https:\/\/greenvoke.com\/es\/wp-json\/wp\/v2\/pages"}],"about":[{"href":"https:\/\/greenvoke.com\/es\/wp-json\/wp\/v2\/types\/page"}],"author":[{"embeddable":true,"href":"https:\/\/greenvoke.com\/es\/wp-json\/wp\/v2\/users\/2"}],"replies":[{"embeddable":true,"href":"https:\/\/greenvoke.com\/es\/wp-json\/wp\/v2\/comments?post=2694"}],"version-history":[{"count":3,"href":"https:\/\/greenvoke.com\/es\/wp-json\/wp\/v2\/pages\/2694\/revisions"}],"predecessor-version":[{"id":2919,"href":"https:\/\/greenvoke.com\/es\/wp-json\/wp\/v2\/pages\/2694\/revisions\/2919"}],"wp:attachment":[{"href":"https:\/\/greenvoke.com\/es\/wp-json\/wp\/v2\/media?parent=2694"}],"curies":[{"name":"wp","href":"https:\/\/api.w.org\/{rel}","templated":true}]}}