{"id":2705,"date":"2025-05-26T10:18:44","date_gmt":"2025-05-26T08:18:44","guid":{"rendered":"https:\/\/greenvoke.com\/aviso-legal\/"},"modified":"2025-06-05T10:59:47","modified_gmt":"2025-06-05T08:59:47","slug":"aviso-legal","status":"publish","type":"page","link":"https:\/\/greenvoke.com\/es\/aviso-legal\/","title":{"rendered":"AVISO LEGAL"},"content":{"rendered":"\t\t<div data-elementor-type=\"wp-page\" data-elementor-id=\"2705\" class=\"elementor elementor-2705 elementor-2528\" data-elementor-post-type=\"page\">\n\t\t\t\t\t\t<section class=\"elementor-section elementor-top-section elementor-element elementor-element-86b1313 elementor-section-boxed elementor-section-height-default elementor-section-height-default\" data-id=\"86b1313\" data-element_type=\"section\" data-e-type=\"section\" data-settings=\"{&quot;background_background&quot;:&quot;classic&quot;}\">\n\t\t\t\t\t\t<div class=\"elementor-container elementor-column-gap-default\">\n\t\t\t\t\t<div class=\"elementor-column elementor-col-100 elementor-top-column elementor-element elementor-element-31aa7cd\" data-id=\"31aa7cd\" data-element_type=\"column\" data-e-type=\"column\">\n\t\t\t<div class=\"elementor-widget-wrap elementor-element-populated\">\n\t\t\t\t\t\t<div class=\"elementor-element elementor-element-4f8107f elementor-widget elementor-widget-heading\" data-id=\"4f8107f\" data-element_type=\"widget\" data-e-type=\"widget\" data-widget_type=\"heading.default\">\n\t\t\t\t<div class=\"elementor-widget-container\">\n\t\t\t\t\t<h2 class=\"elementor-heading-title elementor-size-default\">AVISO LEGAL<\/h2>\t\t\t\t<\/div>\n\t\t\t\t<\/div>\n\t\t\t\t<div class=\"elementor-element elementor-element-a4df67b elementor-widget elementor-widget-text-editor\" data-id=\"a4df67b\" data-element_type=\"widget\" data-e-type=\"widget\" data-widget_type=\"text-editor.default\">\n\t\t\t\t<div class=\"elementor-widget-container\">\n\t\t\t\t\t\t\t\t\t<p data-start=\"77\" data-end=\"93\"><strong data-start=\"77\" data-end=\"93\">AVISO LEGAL<\/strong><\/p><p data-start=\"95\" data-end=\"404\">Este Aviso Legal tiene como objetivo informarte sobre tus derechos y obligaciones como usuario de este sitio web. Aqu\u00ed encontrar\u00e1s toda la informaci\u00f3n necesaria sobre esta p\u00e1gina, su finalidad, los datos personales que recopila y su uso previsto, as\u00ed como los t\u00e9rminos de uso que regulan el acceso y la utilizaci\u00f3n de este sitio. <\/p><p data-start=\"406\" data-end=\"674\">Al acceder a este sitio web, <a class=\"\" href=\"http:\/\/www.llocweb.com\" target=\"_new\" rel=\"noopener\" data-start=\"433\" data-end=\"448\">www.greenvoke.com<\/a>, asumes la condici\u00f3n de usuario, por lo que este Aviso Legal te afecta directamente. Por ello, es importante que lo leas detenidamente para aclarar cualquier duda que puedas tener y entender plenamente los t\u00e9rminos que est\u00e1s aceptando. <\/p><p data-start=\"676\" data-end=\"905\">En primer lugar, debes saber que este sitio web cumple con la normativa vigente en materia de protecci\u00f3n de datos, con el objetivo de proporcionarte las garant\u00edas, la seguridad y la transparencia que, como usuario, te corresponden al utilizar esta p\u00e1gina.<\/p><p data-start=\"907\" data-end=\"974\">En concreto, este sitio web cumple con las siguientes normativas:<\/p><ul data-start=\"976\" data-end=\"1571\"><li data-start=\"976\" data-end=\"1188\"><p data-start=\"978\" data-end=\"1188\"><strong data-start=\"978\" data-end=\"986\">RGPD (Reglamento (UE) 2016\/679 del Parlamento Europeo y del Consejo de 27 de abril de 2016 sobre la protecci\u00f3n de las personas f\u00edsicas), que unifica el tratamiento de los datos personales en los distintos pa\u00edses de la UE.<\/strong><\/p><\/li><li data-start=\"1189\" data-end=\"1417\"><p data-start=\"1191\" data-end=\"1417\"><strong data-start=\"1191\" data-end=\"1202\">LOPDGDD <\/strong> (Ley Org\u00e1nica 3\/2018, de 5 de diciembre, de Protecci\u00f3n de Datos Personales y garant\u00eda de los derechos digitales), que regula el tratamiento de los datos personales y las obligaciones que debemos cumplir como responsables de sitios web.<\/p><\/li><li data-start=\"1418\" data-end=\"1571\"><p data-start=\"1420\" data-end=\"1571\"><strong data-start=\"1420\" data-end=\"1428\">LSSI <\/strong> (Ley 34\/2002, de 11 de julio, de Servicios de la Sociedad de la Informaci\u00f3n y Comercio Electr\u00f3nico), que regula las transacciones comerciales electr\u00f3nicas.<\/p><\/li><\/ul><p data-start=\"1573\" data-end=\"1596\"><strong data-start=\"1573\" data-end=\"1596\">DATOS DE IDENTIFICACI\u00d3N<\/strong><\/p><p data-start=\"1598\" data-end=\"1645\">El titular y responsable de este sitio web es:<\/p><ul data-start=\"1647\" data-end=\"1901\"><li data-start=\"1647\" data-end=\"1672\"><p data-start=\"1649\" data-end=\"1672\"><strong data-start=\"1649\" data-end=\"1658\">Nombre<\/strong>: Daniel Kunisch<\/p><\/li><li data-start=\"1647\" data-end=\"1672\"><p data-start=\"1649\" data-end=\"1672\"><strong data-start=\"1675\" data-end=\"1692\">NIF:<\/strong> Y3027083K<\/p><\/li><li data-start=\"1705\" data-end=\"1747\"><p data-start=\"1707\" data-end=\"1747\"><strong data-start=\"1707\" data-end=\"1729\">Domicilio Social:<\/strong><\/p><div>C \/ Villarroel 121, Barcelona (08011), Barcelona, Espa\u00f1a<\/div><\/li><li data-start=\"1748\" data-end=\"1873\"><p data-start=\"1750\" data-end=\"1873\"><strong data-start=\"1750\" data-end=\"1771\">Actividad del sitio web<\/strong>: Distribuci\u00f3n de contenido relacionado con Greenvoke, publicidad y recomendaciones de productos de afiliado.<\/p><\/li><li data-start=\"1874\" data-end=\"1901\"><p data-start=\"1876\" data-end=\"1901\"><strong data-start=\"1876\" data-end=\"1886\">Correo electr\u00f3nico<\/strong>: <a class=\"cursor-pointer\" rel=\"noopener\" data-start=\"1887\" data-end=\"1901\">greenvoke@gmail.com<\/a><\/p><\/li><\/ul><p data-start=\"1903\" data-end=\"2137\">Cualquier dato personal que nos facilites, con tu consentimiento y de acuerdo con nuestra Pol\u00edtica de Privacidad, ser\u00e1 almacenado en un fichero automatizado gestionado por Nom empresa. Esto garantiza que tus datos se mantendr\u00e1n seguros y se tratar\u00e1n conforme a la ley. <\/p><p data-start=\"2139\" data-end=\"2173\"><strong data-start=\"2139\" data-end=\"2173\">NORMAS DE ACCESO AL SITIO WEB<\/strong><\/p><p data-start=\"2175\" data-end=\"2241\">Como usuario de nuestra web, tambi\u00e9n tienes una serie de obligaciones:<\/p><ul data-start=\"2243\" data-end=\"2813\"><li data-start=\"2243\" data-end=\"2378\"><p data-start=\"2245\" data-end=\"2378\">No puedes utilizar este sitio web para realizar actividades il\u00edcitas, inmorales, contrarias al orden p\u00fablico o contrarias a lo establecido en este Aviso Legal.<\/p><\/li><li data-start=\"2379\" data-end=\"2479\"><p data-start=\"2381\" data-end=\"2479\">No puedes utilizar identidades falsas ni realizar actividades publicitarias o de explotaci\u00f3n comercial.<\/p><\/li><li data-start=\"2480\" data-end=\"2672\"><p data-start=\"2482\" data-end=\"2672\">Eres el \u00fanico responsable de la veracidad y exactitud de la informaci\u00f3n que proporciones a trav\u00e9s de este sitio web, as\u00ed como de los datos personales que suministres, conforme a nuestra Pol\u00edtica de Privacidad.<\/p><\/li><li data-start=\"2673\" data-end=\"2813\"><p data-start=\"2675\" data-end=\"2813\">Tambi\u00e9n eres responsable de cualquier conducta il\u00edcita, lesiva o perjudicial en sitios de terceros a los que podamos redirigirte.<\/p><\/li><\/ul><p data-start=\"2815\" data-end=\"2962\">Nom empresa se reserva el derecho de suspender el acceso al sitio y de poner fin a la relaci\u00f3n con el usuario si se detecta un uso indebido de la web.<\/p><p data-start=\"2964\" data-end=\"3004\"><strong data-start=\"2964\" data-end=\"3004\">PROPIEDAD INTELECTUAL E INDUSTRIAL<\/strong><\/p><p data-start=\"3006\" data-end=\"3276\">Todo el contenido de este sitio web (textos, im\u00e1genes, marcas, gr\u00e1ficos, logotipos, botones, archivos de software, combinaciones de colores, as\u00ed como la estructura, selecci\u00f3n, orden y presentaci\u00f3n de sus contenidos) est\u00e1 protegido por la legislaci\u00f3n vigente en materia de Propiedad Intelectual e Industrial.<\/p><p data-start=\"3278\" data-end=\"3412\">Queda prohibida su reproducci\u00f3n, distribuci\u00f3n, comunicaci\u00f3n p\u00fablica y transformaci\u00f3n, salvo para uso personal y privado.<\/p><p data-start=\"3414\" data-end=\"3588\">Nom empresa no garantiza que el contenido sea preciso o est\u00e9 libre de errores. El buen o mal uso de esta p\u00e1gina y de su contenido es responsabilidad exclusiva del usuario. <\/p><p data-start=\"3590\" data-end=\"3599\"><strong data-start=\"3590\" data-end=\"3599\">ENLACES<\/strong><\/p><p data-start=\"3601\" data-end=\"3837\">Este sitio web puede incluir enlaces a p\u00e1ginas web de terceros. Estas p\u00e1ginas externas no han sido revisadas ni est\u00e1n bajo nuestro control, por lo que Nom empresa no se hace responsable de los contenidos, pol\u00edticas de privacidad ni pr\u00e1cticas de dichos terceros. <\/p><p data-start=\"3839\" data-end=\"3957\">Te recomendamos leer detenidamente los t\u00e9rminos de uso y las pol\u00edticas de privacidad de cualquier sitio de terceros antes de utilizarlos.<\/p><p data-start=\"3959\" data-end=\"3985\"><strong data-start=\"3959\" data-end=\"3985\">ENLACES DE AFILIADO DE AMAZON<\/strong><\/p><p data-start=\"3987\" data-end=\"4146\">Este sitio web utiliza enlaces de afiliado de Amazon. Esto significa que encontrar\u00e1s enlaces a productos de Amazon que puedes adquirir bajo sus propios t\u00e9rminos y condiciones. <\/p><p data-start=\"4148\" data-end=\"4175\"><strong data-start=\"4148\" data-end=\"4175\">LIMITACI\u00d3N DE RESPONSABILIDAD<\/strong><\/p><p data-start=\"4177\" data-end=\"4223\">Nom empresa no ser\u00e1 responsable de:<\/p><ul data-start=\"4225\" data-end=\"4563\"><li data-start=\"4225\" data-end=\"4274\"><p data-start=\"4227\" data-end=\"4274\">La calidad, velocidad o continuidad del servicio.<\/p><\/li><li data-start=\"4275\" data-end=\"4354\"><p data-start=\"4277\" data-end=\"4354\">La presencia de virus, malware u otros programas da\u00f1inos en los contenidos.<\/p><\/li><li data-start=\"4355\" data-end=\"4403\"><p data-start=\"4357\" data-end=\"4403\">El uso ilegal o negligente de la web.<\/p><\/li><li data-start=\"4404\" data-end=\"4496\"><p data-start=\"4406\" data-end=\"4496\">La legalidad, calidad, fiabilidad o utilidad de los servicios prestados por terceros.<\/p><\/li><li data-start=\"4497\" data-end=\"4563\"><p data-start=\"4499\" data-end=\"4563\">Los da\u00f1os que puedan derivarse del uso ilegal de este sitio web.<\/p><\/li><\/ul><p data-start=\"4565\" data-end=\"4603\"><strong data-start=\"4565\" data-end=\"4603\">POL\u00cdTICA DE PRIVACIDAD Y PROTECCI\u00d3N DE DATOS<\/strong><\/p><p data-start=\"4605\" data-end=\"4843\">Este sitio web cumple con la normativa vigente en materia de protecci\u00f3n de datos. Como usuario, deber\u00e1s dar tu consentimiento expreso antes de proporcionar datos personales a trav\u00e9s de los formularios disponibles en esta web. Toda la informaci\u00f3n relevante se encuentra en nuestra Pol\u00edtica de Privacidad.  <\/p><p data-start=\"4845\" data-end=\"4863\"><strong data-start=\"4845\" data-end=\"4863\">POL\u00cdTICA DE COOKIES<\/strong><\/p><p data-start=\"4865\" data-end=\"5034\">Este sitio web utiliza cookies propias y de terceros. Puedes configurar tu navegador para rechazar el uso de cookies. Para m\u00e1s informaci\u00f3n, consulta nuestra Pol\u00edtica de Cookies.  <\/p><p data-start=\"5036\" data-end=\"5071\"><strong data-start=\"5036\" data-end=\"5071\">LEGISLACI\u00d3N APLICABLE Y JURISDICCI\u00d3N<\/strong><\/p><p data-start=\"5073\" data-end=\"5335\">El presente Aviso Legal se rige por la legislaci\u00f3n espa\u00f1ola vigente. Cualquier controversia ser\u00e1 sometida a los Juzgados y Tribunales del domicilio del usuario. En caso de que el usuario resida fuera de Espa\u00f1a, las partes se someter\u00e1n a los Juzgados y Tribunales de Barcelona (Espa\u00f1a).  <\/p><p data-start=\"5337\" data-end=\"5426\">Si tienes alguna duda, puedes ponerte en contacto con nosotros a trav\u00e9s del correo electr\u00f3nico: <a class=\"cursor-pointer\" rel=\"noopener\" data-start=\"5401\" data-end=\"5426\">greenvoke@gmail.com <\/a><\/p>\t\t\t\t\t\t\t\t<\/div>\n\t\t\t\t<\/div>\n\t\t\t\t\t<\/div>\n\t\t<\/div>\n\t\t\t\t\t<\/div>\n\t\t<\/section>\n\t\t\t\t<\/div>\n\t\t","protected":false},"excerpt":{"rendered":"<p>AVISO LEGAL AVISO LEGAL Este Aviso Legal tiene como objetivo informarte sobre tus derechos y obligaciones como usuario de este sitio web. Aqu\u00ed encontrar\u00e1s toda la informaci\u00f3n necesaria sobre esta p\u00e1gina, su finalidad, los datos personales que recopila y su uso previsto, as\u00ed como los t\u00e9rminos de uso que regulan el acceso y la utilizaci\u00f3n [&hellip;]<\/p>\n","protected":false},"author":2,"featured_media":0,"parent":0,"menu_order":0,"comment_status":"closed","ping_status":"closed","template":"","meta":{"_acf_changed":false,"inline_featured_image":false,"footnotes":""},"class_list":["post-2705","page","type-page","status-publish","hentry"],"acf":[],"yoast_head":"<!-- This site is optimized with the Yoast SEO plugin v26.9 - https:\/\/yoast.com\/product\/yoast-seo-wordpress\/ -->\n<title>\u25b7AVISO LEGAL - \u3010 wordpress \u3011<\/title>\n<meta name=\"description\" content=\"AVISO LEGAL AVISO LEGALEste Aviso Legal tiene como objetivo informarte sobre tus derechos y obligaciones como usuario de este sitio web. Aqu\u00ed encontrar\u00e1s \u2713\" \/>\n<meta name=\"robots\" content=\"index, follow, max-snippet:-1, max-image-preview:large, max-video-preview:-1\" \/>\n<link rel=\"canonical\" href=\"https:\/\/greenvoke.com\/es\/aviso-legal\/\" \/>\n<meta property=\"og:locale\" content=\"es_ES\" \/>\n<meta property=\"og:type\" content=\"article\" \/>\n<meta property=\"og:title\" content=\"\u25b7AVISO LEGAL - \u3010 wordpress \u3011\" \/>\n<meta property=\"og:description\" content=\"AVISO LEGAL AVISO LEGALEste Aviso Legal tiene como objetivo informarte sobre tus derechos y obligaciones como usuario de este sitio web. Aqu\u00ed encontrar\u00e1s \u2713\" \/>\n<meta property=\"og:url\" content=\"https:\/\/greenvoke.com\/es\/aviso-legal\/\" \/>\n<meta property=\"og:site_name\" content=\"wordpress\" \/>\n<meta property=\"article:modified_time\" content=\"2025-06-05T08:59:47+00:00\" \/>\n<meta name=\"twitter:card\" content=\"summary_large_image\" \/>\n<meta name=\"twitter:label1\" content=\"Tiempo de lectura\" \/>\n\t<meta name=\"twitter:data1\" content=\"5 minutos\" \/>\n<script type=\"application\/ld+json\" class=\"yoast-schema-graph\">{\"@context\":\"https:\/\/schema.org\",\"@graph\":[{\"@type\":\"WebPage\",\"@id\":\"https:\/\/greenvoke.com\/es\/aviso-legal\/\",\"url\":\"https:\/\/greenvoke.com\/es\/aviso-legal\/\",\"name\":\"\u25b7AVISO LEGAL - \u3010 wordpress \u3011\",\"isPartOf\":{\"@id\":\"https:\/\/greenvoke.com\/#website\"},\"datePublished\":\"2025-05-26T08:18:44+00:00\",\"dateModified\":\"2025-06-05T08:59:47+00:00\",\"description\":\"AVISO LEGAL AVISO LEGALEste Aviso Legal tiene como objetivo informarte sobre tus derechos y obligaciones como usuario de este sitio web. Aqu\u00ed encontrar\u00e1s \u2713\",\"breadcrumb\":{\"@id\":\"https:\/\/greenvoke.com\/es\/aviso-legal\/#breadcrumb\"},\"inLanguage\":\"es\",\"potentialAction\":[{\"@type\":\"ReadAction\",\"target\":[\"https:\/\/greenvoke.com\/es\/aviso-legal\/\"]}]},{\"@type\":\"BreadcrumbList\",\"@id\":\"https:\/\/greenvoke.com\/es\/aviso-legal\/#breadcrumb\",\"itemListElement\":[{\"@type\":\"ListItem\",\"position\":1,\"name\":\"Portada\",\"item\":\"https:\/\/greenvoke.com\/\"},{\"@type\":\"ListItem\",\"position\":2,\"name\":\"AVISO LEGAL\"}]},{\"@type\":\"WebSite\",\"@id\":\"https:\/\/greenvoke.com\/#website\",\"url\":\"https:\/\/greenvoke.com\/\",\"name\":\"wordpress\",\"description\":\"Just another WordPress site\",\"publisher\":{\"@id\":\"https:\/\/greenvoke.com\/#organization\"},\"potentialAction\":[{\"@type\":\"SearchAction\",\"target\":{\"@type\":\"EntryPoint\",\"urlTemplate\":\"https:\/\/greenvoke.com\/?s={search_term_string}\"},\"query-input\":{\"@type\":\"PropertyValueSpecification\",\"valueRequired\":true,\"valueName\":\"search_term_string\"}}],\"inLanguage\":\"es\"},{\"@type\":\"Organization\",\"@id\":\"https:\/\/greenvoke.com\/#organization\",\"name\":\"wordpress\",\"url\":\"https:\/\/greenvoke.com\/\",\"logo\":{\"@type\":\"ImageObject\",\"inLanguage\":\"es\",\"@id\":\"https:\/\/greenvoke.com\/#\/schema\/logo\/image\/\",\"url\":\"https:\/\/greenvoke.com\/wp-content\/uploads\/2021\/10\/Disseny-sense-titol-4-1-e1747996675463.png\",\"contentUrl\":\"https:\/\/greenvoke.com\/wp-content\/uploads\/2021\/10\/Disseny-sense-titol-4-1-e1747996675463.png\",\"width\":150,\"height\":106,\"caption\":\"wordpress\"},\"image\":{\"@id\":\"https:\/\/greenvoke.com\/#\/schema\/logo\/image\/\"}}]}<\/script>\n<!-- \/ Yoast SEO plugin. -->","yoast_head_json":{"title":"\u25b7AVISO LEGAL - \u3010 wordpress \u3011","description":"AVISO LEGAL AVISO LEGALEste Aviso Legal tiene como objetivo informarte sobre tus derechos y obligaciones como usuario de este sitio web. Aqu\u00ed encontrar\u00e1s \u2713","robots":{"index":"index","follow":"follow","max-snippet":"max-snippet:-1","max-image-preview":"max-image-preview:large","max-video-preview":"max-video-preview:-1"},"canonical":"https:\/\/greenvoke.com\/es\/aviso-legal\/","og_locale":"es_ES","og_type":"article","og_title":"\u25b7AVISO LEGAL - \u3010 wordpress \u3011","og_description":"AVISO LEGAL AVISO LEGALEste Aviso Legal tiene como objetivo informarte sobre tus derechos y obligaciones como usuario de este sitio web. Aqu\u00ed encontrar\u00e1s \u2713","og_url":"https:\/\/greenvoke.com\/es\/aviso-legal\/","og_site_name":"wordpress","article_modified_time":"2025-06-05T08:59:47+00:00","twitter_card":"summary_large_image","twitter_misc":{"Tiempo de lectura":"5 minutos"},"schema":{"@context":"https:\/\/schema.org","@graph":[{"@type":"WebPage","@id":"https:\/\/greenvoke.com\/es\/aviso-legal\/","url":"https:\/\/greenvoke.com\/es\/aviso-legal\/","name":"\u25b7AVISO LEGAL - \u3010 wordpress \u3011","isPartOf":{"@id":"https:\/\/greenvoke.com\/#website"},"datePublished":"2025-05-26T08:18:44+00:00","dateModified":"2025-06-05T08:59:47+00:00","description":"AVISO LEGAL AVISO LEGALEste Aviso Legal tiene como objetivo informarte sobre tus derechos y obligaciones como usuario de este sitio web. Aqu\u00ed encontrar\u00e1s \u2713","breadcrumb":{"@id":"https:\/\/greenvoke.com\/es\/aviso-legal\/#breadcrumb"},"inLanguage":"es","potentialAction":[{"@type":"ReadAction","target":["https:\/\/greenvoke.com\/es\/aviso-legal\/"]}]},{"@type":"BreadcrumbList","@id":"https:\/\/greenvoke.com\/es\/aviso-legal\/#breadcrumb","itemListElement":[{"@type":"ListItem","position":1,"name":"Portada","item":"https:\/\/greenvoke.com\/"},{"@type":"ListItem","position":2,"name":"AVISO LEGAL"}]},{"@type":"WebSite","@id":"https:\/\/greenvoke.com\/#website","url":"https:\/\/greenvoke.com\/","name":"wordpress","description":"Just another WordPress site","publisher":{"@id":"https:\/\/greenvoke.com\/#organization"},"potentialAction":[{"@type":"SearchAction","target":{"@type":"EntryPoint","urlTemplate":"https:\/\/greenvoke.com\/?s={search_term_string}"},"query-input":{"@type":"PropertyValueSpecification","valueRequired":true,"valueName":"search_term_string"}}],"inLanguage":"es"},{"@type":"Organization","@id":"https:\/\/greenvoke.com\/#organization","name":"wordpress","url":"https:\/\/greenvoke.com\/","logo":{"@type":"ImageObject","inLanguage":"es","@id":"https:\/\/greenvoke.com\/#\/schema\/logo\/image\/","url":"https:\/\/greenvoke.com\/wp-content\/uploads\/2021\/10\/Disseny-sense-titol-4-1-e1747996675463.png","contentUrl":"https:\/\/greenvoke.com\/wp-content\/uploads\/2021\/10\/Disseny-sense-titol-4-1-e1747996675463.png","width":150,"height":106,"caption":"wordpress"},"image":{"@id":"https:\/\/greenvoke.com\/#\/schema\/logo\/image\/"}}]}},"_links":{"self":[{"href":"https:\/\/greenvoke.com\/es\/wp-json\/wp\/v2\/pages\/2705","targetHints":{"allow":["GET"]}}],"collection":[{"href":"https:\/\/greenvoke.com\/es\/wp-json\/wp\/v2\/pages"}],"about":[{"href":"https:\/\/greenvoke.com\/es\/wp-json\/wp\/v2\/types\/page"}],"author":[{"embeddable":true,"href":"https:\/\/greenvoke.com\/es\/wp-json\/wp\/v2\/users\/2"}],"replies":[{"embeddable":true,"href":"https:\/\/greenvoke.com\/es\/wp-json\/wp\/v2\/comments?post=2705"}],"version-history":[{"count":2,"href":"https:\/\/greenvoke.com\/es\/wp-json\/wp\/v2\/pages\/2705\/revisions"}],"predecessor-version":[{"id":2710,"href":"https:\/\/greenvoke.com\/es\/wp-json\/wp\/v2\/pages\/2705\/revisions\/2710"}],"wp:attachment":[{"href":"https:\/\/greenvoke.com\/es\/wp-json\/wp\/v2\/media?parent=2705"}],"curies":[{"name":"wp","href":"https:\/\/api.w.org\/{rel}","templated":true}]}}